{"id":622,"date":"2025-12-09T08:06:12","date_gmt":"2025-12-09T07:06:12","guid":{"rendered":"https:\/\/hifi-werkstatt-berlin.de\/?page_id=622"},"modified":"2026-01-23T16:35:49","modified_gmt":"2026-01-23T15:35:49","slug":"service","status":"publish","type":"page","link":"http:\/\/hifi-werkstatt-berlin.de\/en\/service\/","title":{"rendered":"Service"},"content":{"rendered":"<div data-elementor-type=\"wp-page\" data-elementor-id=\"622\" class=\"elementor elementor-622\">\n\t\t\t\t<div class=\"elementor-element elementor-element-658125f6 e-flex e-con-boxed e-con e-parent\" data-id=\"658125f6\" data-element_type=\"container\" data-e-type=\"container\">\n\t\t\t\t\t<div class=\"e-con-inner\">\n\t\t\t\t<div class=\"elementor-element elementor-element-46cf94dd elementor-widget elementor-widget-heading\" data-id=\"46cf94dd\" data-element_type=\"widget\" data-e-type=\"widget\" data-widget_type=\"heading.default\">\n\t\t\t\t\t<h1 class=\"elementor-heading-title elementor-size-default\">HiFi Service in Berlin<\/h1>\t\t\t\t<\/div>\n\t\t\t\t<div class=\"elementor-element elementor-element-9f53644 elementor-widget-divider--view-line elementor-widget elementor-widget-divider\" data-id=\"9f53644\" data-element_type=\"widget\" data-e-type=\"widget\" data-widget_type=\"divider.default\">\n\t\t\t\t\t\t\t<div class=\"elementor-divider\">\n\t\t\t<span class=\"elementor-divider-separator\">\n\t\t\t\t\t\t<\/span>\n\t\t<\/div>\n\t\t\t\t\t\t<\/div>\n\t\t\t\t<div class=\"elementor-element elementor-element-29487da5 elementor-widget__width-initial elementor-widget-tablet__width-initial elementor-widget elementor-widget-heading\" data-id=\"29487da5\" data-element_type=\"widget\" data-e-type=\"widget\" data-widget_type=\"heading.default\">\n\t\t\t\t\t<h5 class=\"elementor-heading-title elementor-size-default\">Sustainable redesign for perfect sound!<\/h5>\t\t\t\t<\/div>\n\t\t\t\t\t<\/div>\n\t\t\t\t<\/div>\n\t\t<div class=\"elementor-element elementor-element-425a9c0f e-flex e-con-boxed e-con e-parent\" data-id=\"425a9c0f\" data-element_type=\"container\" data-e-type=\"container\" id=\"service1\">\n\t\t\t\t\t<div class=\"e-con-inner\">\n\t\t<div class=\"elementor-element elementor-element-6d5e4f79 e-con-full e-flex e-con e-child\" data-id=\"6d5e4f79\" data-element_type=\"container\" data-e-type=\"container\">\n\t\t\t\t<div class=\"elementor-element elementor-element-40db9c26 elementor-widget elementor-widget-heading\" data-id=\"40db9c26\" data-element_type=\"widget\" data-e-type=\"widget\" data-widget_type=\"heading.default\">\n\t\t\t\t\t<h2 class=\"elementor-heading-title elementor-size-default\">Complete overhaul for your hi-fi equipment<\/h2>\t\t\t\t<\/div>\n\t\t\t\t<div class=\"elementor-element elementor-element-6103e703 elementor-widget elementor-widget-text-editor\" data-id=\"6103e703\" data-element_type=\"widget\" data-e-type=\"widget\" data-widget_type=\"text-editor.default\">\n\t\t\t\t\t\t\t\t\t<p>A professional hi-fi service goes far beyond traditional repairs. With our hi-fi service, we offer a complete technical overhaul of your hi-fi equipment to ensure long-term, reliable and optimal sound performance. The aim is to eliminate age-related weaknesses, prevent future defects and restore your device to the condition it was in when it was first delivered \u2013 or even exceed it.<\/p>\t\t\t\t\t\t\t\t<\/div>\n\t\t\t\t<\/div>\n\t\t<div class=\"elementor-element elementor-element-5c06b03d e-con-full e-flex e-con e-child\" data-id=\"5c06b03d\" data-element_type=\"container\" data-e-type=\"container\">\n\t\t\t\t<div class=\"elementor-element elementor-element-290a807 elementor-invisible elementor-widget elementor-widget-image\" data-id=\"290a807\" data-element_type=\"widget\" data-e-type=\"widget\" data-settings=\"{&quot;_animation&quot;:&quot;fadeInRight&quot;}\" data-widget_type=\"image.default\">\n\t\t\t\t\t\t\t\t\t\t\t\t\t\t\t<img fetchpriority=\"high\" decoding=\"async\" width=\"768\" height=\"576\" src=\"https:\/\/hifi-werkstatt-berlin.de\/wp-content\/uploads\/2026\/01\/Messung-Mixer-2-768x576.webp\" class=\"attachment-medium_large size-medium_large wp-image-814\" alt=\"Messungen in einem DJ Mixer\" srcset=\"https:\/\/hifi-werkstatt-berlin.de\/wp-content\/uploads\/2026\/01\/Messung-Mixer-2-768x576.webp 768w, https:\/\/hifi-werkstatt-berlin.de\/wp-content\/uploads\/2026\/01\/Messung-Mixer-2-300x225.webp 300w, https:\/\/hifi-werkstatt-berlin.de\/wp-content\/uploads\/2026\/01\/Messung-Mixer-2-1024x769.webp 1024w, https:\/\/hifi-werkstatt-berlin.de\/wp-content\/uploads\/2026\/01\/Messung-Mixer-2-1536x1153.webp 1536w, https:\/\/hifi-werkstatt-berlin.de\/wp-content\/uploads\/2026\/01\/Messung-Mixer-2-16x12.webp 16w, https:\/\/hifi-werkstatt-berlin.de\/wp-content\/uploads\/2026\/01\/Messung-Mixer-2.webp 1920w\" sizes=\"(max-width: 768px) 100vw, 768px\" \/>\t\t\t\t\t\t\t\t\t\t\t\t\t\t\t<\/div>\n\t\t\t\t<\/div>\n\t\t\t\t\t<\/div>\n\t\t\t\t<\/div>\n\t\t<div class=\"elementor-element elementor-element-9b91db9 e-flex e-con-boxed e-con e-parent\" data-id=\"9b91db9\" data-element_type=\"container\" data-e-type=\"container\" id=\"service3\">\n\t\t\t\t\t<div class=\"e-con-inner\">\n\t\t<div class=\"elementor-element elementor-element-2e9ba518 e-con-full e-flex e-con e-child\" data-id=\"2e9ba518\" data-element_type=\"container\" data-e-type=\"container\">\n\t\t\t\t<div class=\"elementor-element elementor-element-da04c0e elementor-invisible elementor-widget elementor-widget-image\" data-id=\"da04c0e\" data-element_type=\"widget\" data-e-type=\"widget\" data-settings=\"{&quot;_animation&quot;:&quot;fadeInLeft&quot;}\" data-widget_type=\"image.default\">\n\t\t\t\t\t\t\t\t\t\t\t\t\t\t\t<img decoding=\"async\" width=\"700\" height=\"466\" src=\"https:\/\/hifi-werkstatt-berlin.de\/wp-content\/uploads\/2026\/01\/Audio-Reparatur.webp\" class=\"attachment-medium_large size-medium_large wp-image-824\" alt=\"Best\u00fcckung Platine\" srcset=\"https:\/\/hifi-werkstatt-berlin.de\/wp-content\/uploads\/2026\/01\/Audio-Reparatur.webp 700w, https:\/\/hifi-werkstatt-berlin.de\/wp-content\/uploads\/2026\/01\/Audio-Reparatur-300x200.webp 300w, https:\/\/hifi-werkstatt-berlin.de\/wp-content\/uploads\/2026\/01\/Audio-Reparatur-18x12.webp 18w\" sizes=\"(max-width: 700px) 100vw, 700px\" \/>\t\t\t\t\t\t\t\t\t\t\t\t\t\t\t<\/div>\n\t\t\t\t<\/div>\n\t\t<div class=\"elementor-element elementor-element-e9985 e-con-full e-flex e-con e-child\" data-id=\"e9985\" data-element_type=\"container\" data-e-type=\"container\">\n\t\t\t\t<div class=\"elementor-element elementor-element-5357689e elementor-widget elementor-widget-heading\" data-id=\"5357689e\" data-element_type=\"widget\" data-e-type=\"widget\" data-widget_type=\"heading.default\">\n\t\t\t\t\t<h2 class=\"elementor-heading-title elementor-size-default\">Why a hi-fi service is useful<\/h2>\t\t\t\t<\/div>\n\t\t\t\t<div class=\"elementor-element elementor-element-55e2dc32 elementor-widget elementor-widget-text-editor\" data-id=\"55e2dc32\" data-element_type=\"widget\" data-e-type=\"widget\" data-widget_type=\"text-editor.default\">\n\t\t\t\t\t\t\t\t\t<p data-start=\"972\" data-end=\"1489\">Many hi-fi devices still work, but show signs of age-related wear and tear, which can lead to significantly more expensive damage in the long term. <a href=\"https:\/\/hifi-werkstatt-berlin.de\/en\/wiki\/kondensatoren-in-alten-hifi-geraeten\/\">Aged capacitors<\/a>, dirty potentiometers or incorrectly adjusted circuits not only impair sound quality, but also put strain on other components. Timely hi-fi servicing protects your device from consequential damage, maintains its value and ensures stable, fault-free performance for many years to come.<\/p><p data-start=\"1491\" data-end=\"1599\">This comprehensive overhaul is almost always worthwhile, especially for high-quality, classic hi-fi equipment.<\/p>\t\t\t\t\t\t\t\t<\/div>\n\t\t\t\t<\/div>\n\t\t\t\t\t<\/div>\n\t\t\t\t<\/div>\n\t\t<div class=\"elementor-element elementor-element-605276e1 e-flex e-con-boxed e-con e-parent\" data-id=\"605276e1\" data-element_type=\"container\" data-e-type=\"container\" id=\"service2\">\n\t\t\t\t\t<div class=\"e-con-inner\">\n\t\t<div class=\"elementor-element elementor-element-25ad36d3 e-con-full e-flex e-con e-child\" data-id=\"25ad36d3\" data-element_type=\"container\" data-e-type=\"container\">\n\t\t\t\t<div class=\"elementor-element elementor-element-7166dfa3 elementor-widget elementor-widget-heading\" data-id=\"7166dfa3\" data-element_type=\"widget\" data-e-type=\"widget\" data-widget_type=\"heading.default\">\n\t\t\t\t\t<h2 class=\"elementor-heading-title elementor-size-default\">What our hi-fi service includes<\/h2>\t\t\t\t<\/div>\n\t\t\t\t<div class=\"elementor-element elementor-element-28238053 elementor-widget elementor-widget-text-editor\" data-id=\"28238053\" data-element_type=\"widget\" data-e-type=\"widget\" data-widget_type=\"text-editor.default\">\n\t\t\t\t\t\t\t\t\t<p>As part of our comprehensive service, the device is thoroughly inspected, overhauled and recalibrated. We deliberately use high-quality components that are at least equivalent to the original components \u2013 and often even superior. This not only ensures stable operation, but also frequently results in an audible improvement in sound quality.<\/p><p>Depending on the type and condition of the device, this may include the following tasks:<\/p>\t\t\t\t\t\t\t\t<\/div>\n\t\t\t\t<\/div>\n\t\t<div class=\"elementor-element elementor-element-40f6ed8c e-con-full e-flex e-con e-child\" data-id=\"40f6ed8c\" data-element_type=\"container\" data-e-type=\"container\" data-settings=\"{&quot;background_background&quot;:&quot;classic&quot;}\">\n\t\t\t\t<div class=\"elementor-element elementor-element-d6cdc3d elementor-widget elementor-widget-text-editor\" data-id=\"d6cdc3d\" data-element_type=\"widget\" data-e-type=\"widget\" data-widget_type=\"text-editor.default\">\n\t\t\t\t\t\t\t\t\t<ul><li data-start=\"1129\" data-end=\"1236\"><p data-start=\"1131\" data-end=\"1236\"><a href=\"http:\/\/Recapping: Austausch aller Elektrolyt-Kondensatoren gegen hochwertige, moderne Typen\" data-wplink-url-error=\"true\">Recapping<\/a>: Replacement of all electrolytic capacitors with high-quality, modern types<\/p><\/li><li data-start=\"1237\" data-end=\"1332\"><p data-start=\"1239\" data-end=\"1332\">Cleaning and overhaul of potentiometers, faders and switches<\/p><\/li><li data-start=\"1333\" data-end=\"1411\"><p data-start=\"1335\" data-end=\"1411\">Recalibration and adjustment of all relevant circuits<\/p><\/li><li data-start=\"1412\" data-end=\"1485\"><p data-start=\"1414\" data-end=\"1485\">Replacement of components that are critical due to age or wear and tear<\/p><\/li><li data-start=\"1486\" data-end=\"1590\"><p data-start=\"1488\" data-end=\"1590\">Thorough interior and exterior cleaning<\/p><\/li><li data-start=\"1591\" data-end=\"1662\"><p data-start=\"1593\" data-end=\"1662\">Inspection and repair of mechanical assemblies<\/p><\/li><li data-start=\"1663\" data-end=\"1769\"><p data-start=\"1665\" data-end=\"1769\">Naturally, this also includes the repair of existing defects<\/p><\/li><\/ul>\t\t\t\t\t\t\t\t<\/div>\n\t\t\t\t<\/div>\n\t\t\t\t\t<\/div>\n\t\t\t\t<\/div>\n\t\t<div class=\"elementor-element elementor-element-769500be e-flex e-con-boxed e-con e-parent\" data-id=\"769500be\" data-element_type=\"container\" data-e-type=\"container\" id=\"service4\">\n\t\t\t\t\t<div class=\"e-con-inner\">\n\t\t<div class=\"elementor-element elementor-element-180ad02 e-con-full e-flex e-con e-child\" data-id=\"180ad02\" data-element_type=\"container\" data-e-type=\"container\">\n\t\t\t\t<div class=\"elementor-element elementor-element-7163cf52 elementor-widget elementor-widget-heading\" data-id=\"7163cf52\" data-element_type=\"widget\" data-e-type=\"widget\" data-widget_type=\"heading.default\">\n\t\t\t\t\t<h2 class=\"elementor-heading-title elementor-size-default\">Result: technology and sound just like on the first day \u2013 or even better<\/h2>\t\t\t\t<\/div>\n\t\t\t\t<div class=\"elementor-element elementor-element-45aaba7c elementor-widget elementor-widget-text-editor\" data-id=\"45aaba7c\" data-element_type=\"widget\" data-e-type=\"widget\" data-widget_type=\"text-editor.default\">\n\t\t\t\t\t\t\t\t\t<p>After professional hi-fi servicing, your device will once again be in top technical condition. The electronics will be stable, all controls will work smoothly, and the sound will once again deliver its full dynamics, clarity and detail. Many customers report a significantly more open, precise sound after servicing \u2013 even with devices that previously appeared to be working \u2018perfectly\u2019.<\/p>\t\t\t\t\t\t\t\t<\/div>\n\t\t\t\t<\/div>\n\t\t<div class=\"elementor-element elementor-element-4fa7fbbb e-con-full e-flex e-con e-child\" data-id=\"4fa7fbbb\" data-element_type=\"container\" data-e-type=\"container\" data-settings=\"{&quot;background_background&quot;:&quot;classic&quot;}\">\n\t\t\t\t<div class=\"elementor-element elementor-element-d1d278e elementor-invisible elementor-widget elementor-widget-image\" data-id=\"d1d278e\" data-element_type=\"widget\" data-e-type=\"widget\" data-settings=\"{&quot;_animation&quot;:&quot;fadeInRight&quot;}\" data-widget_type=\"image.default\">\n\t\t\t\t\t\t\t\t\t\t\t\t\t\t\t<img decoding=\"async\" width=\"768\" height=\"576\" src=\"https:\/\/hifi-werkstatt-berlin.de\/wp-content\/uploads\/2026\/01\/Loetarbeiten-768x576.webp\" class=\"attachment-medium_large size-medium_large wp-image-816\" alt=\"Loeten einer Platine\" srcset=\"https:\/\/hifi-werkstatt-berlin.de\/wp-content\/uploads\/2026\/01\/Loetarbeiten-768x576.webp 768w, https:\/\/hifi-werkstatt-berlin.de\/wp-content\/uploads\/2026\/01\/Loetarbeiten-300x225.webp 300w, https:\/\/hifi-werkstatt-berlin.de\/wp-content\/uploads\/2026\/01\/Loetarbeiten-1024x768.webp 1024w, https:\/\/hifi-werkstatt-berlin.de\/wp-content\/uploads\/2026\/01\/Loetarbeiten-1536x1152.webp 1536w, https:\/\/hifi-werkstatt-berlin.de\/wp-content\/uploads\/2026\/01\/Loetarbeiten-16x12.webp 16w, https:\/\/hifi-werkstatt-berlin.de\/wp-content\/uploads\/2026\/01\/Loetarbeiten.webp 1920w\" sizes=\"(max-width: 768px) 100vw, 768px\" \/>\t\t\t\t\t\t\t\t\t\t\t\t\t\t\t<\/div>\n\t\t\t\t<\/div>\n\t\t\t\t\t<\/div>\n\t\t\t\t<\/div>\n\t\t<div class=\"elementor-element elementor-element-483dab4a e-flex e-con-boxed e-con e-parent\" data-id=\"483dab4a\" data-element_type=\"container\" data-e-type=\"container\">\n\t\t\t\t\t<div class=\"e-con-inner\">\n\t\t\t\t<div class=\"elementor-element elementor-element-c96db48 elementor-widget elementor-widget-heading\" data-id=\"c96db48\" data-element_type=\"widget\" data-e-type=\"widget\" data-widget_type=\"heading.default\">\n\t\t\t\t\t<h2 class=\"elementor-heading-title elementor-size-default\">We are happy to advise you!<\/h2>\t\t\t\t<\/div>\n\t\t\t\t<div class=\"elementor-element elementor-element-12ad116 elementor-widget elementor-widget-text-editor\" data-id=\"12ad116\" data-element_type=\"widget\" data-e-type=\"widget\" data-widget_type=\"text-editor.default\">\n\t\t\t\t\t\t\t\t\t<p>Thanks to our many years of experience in repairing, restoring and developing audio electronics, we know exactly what is important when it comes to sustainable device refurbishment. We work independently of brands, use modern measurement technology and treat every device with the care that high-quality hi-fi technology deserves. Our aim is not only to fix faults, but also to bring devices up to a level of technical and sound quality that will impress in the long term.<\/p>\t\t\t\t\t\t\t\t<\/div>\n\t\t\t\t<div class=\"elementor-element elementor-element-5f575a41 elementor-align-center elementor-invisible elementor-widget elementor-widget-button\" data-id=\"5f575a41\" data-element_type=\"widget\" data-e-type=\"widget\" data-settings=\"{&quot;_animation&quot;:&quot;fadeInDown&quot;}\" data-widget_type=\"button.default\">\n\t\t\t\t\t\t\t\t\t\t<a class=\"elementor-button elementor-button-link elementor-size-sm\" href=\"https:\/\/hifi-werkstatt-berlin.de\/en\/#Kontakt\">\n\t\t\t\t\t\t<span class=\"elementor-button-content-wrapper\">\n\t\t\t\t\t\t\t\t\t<span class=\"elementor-button-text\">Contact us<\/span>\n\t\t\t\t\t<\/span>\n\t\t\t\t\t<\/a>\n\t\t\t\t\t\t\t\t<\/div>\n\t\t\t\t\t<\/div>\n\t\t\t\t<\/div>\n\t\t<div class=\"elementor-element elementor-element-b4853f4 e-flex e-con-boxed e-con e-parent\" data-id=\"b4853f4\" data-element_type=\"container\" data-e-type=\"container\">\n\t\t\t\t\t<div class=\"e-con-inner\">\n\t\t\t\t<div class=\"elementor-element elementor-element-d7eefdb elementor-widget elementor-widget-spacer\" data-id=\"d7eefdb\" data-element_type=\"widget\" data-e-type=\"widget\" data-widget_type=\"spacer.default\">\n\t\t\t\t\t\t\t<div class=\"elementor-spacer\">\n\t\t\t<div class=\"elementor-spacer-inner\"><\/div>\n\t\t<\/div>\n\t\t\t\t\t\t<\/div>\n\t\t\t\t\t<\/div>\n\t\t\t\t<\/div>\n\t\t\t\t<\/div>","protected":false},"excerpt":{"rendered":"<p>HiFi Service in Berlin Nachhaltige \u00dcberarbeitung f\u00fcr perfekten Klang! General\u00fcberholung f\u00fcr Ihr Hifi Ger\u00e4t Ein professioneller HiFi Service geht weit \u00fcber eine klassische Reparatur hinaus. Mit unserem HiFi Service bieten wir eine vollst\u00e4ndige technische \u00dcberarbeitung Ihrer HiFi-Ger\u00e4te, um eine langfristige, zuverl\u00e4ssige und klanglich optimale Funktion sicherzustellen. Ziel ist es, altersbedingte Schwachstellen zu beseitigen, zuk\u00fcnftigen Defekten [&hellip;]<\/p>\n","protected":false},"author":1,"featured_media":0,"parent":0,"menu_order":0,"comment_status":"closed","ping_status":"closed","template":"elementor_header_footer","meta":{"footnotes":""},"class_list":["post-622","page","type-page","status-publish","hentry"],"yoast_head":"<!-- This site is optimized with the Yoast SEO plugin v27.2 - https:\/\/yoast.com\/product\/yoast-seo-wordpress\/ -->\n<title>Service - HiFi Werkstatt Berlin<\/title>\n<meta name=\"description\" content=\"Hifi Service Berlin: Professionelle \u00dcberarbeitung, Reparatur und Recapping hochwertiger Hifi-Ger\u00e4te f\u00fcr perfekten Klang und lange Lebensdauer.\" \/>\n<meta name=\"robots\" content=\"index, follow, max-snippet:-1, max-image-preview:large, max-video-preview:-1\" \/>\n<link rel=\"canonical\" href=\"https:\/\/hifi-werkstatt-berlin.de\/en\/service\/\" \/>\n<meta property=\"og:locale\" content=\"en_GB\" \/>\n<meta property=\"og:type\" content=\"article\" \/>\n<meta property=\"og:title\" content=\"Service - HiFi Werkstatt Berlin\" \/>\n<meta property=\"og:description\" content=\"Hifi Service Berlin: Professionelle \u00dcberarbeitung, Reparatur und Recapping hochwertiger Hifi-Ger\u00e4te f\u00fcr perfekten Klang und lange Lebensdauer.\" \/>\n<meta property=\"og:url\" content=\"https:\/\/hifi-werkstatt-berlin.de\/en\/service\/\" \/>\n<meta property=\"og:site_name\" content=\"HiFi Werkstatt Berlin\" \/>\n<meta property=\"article:modified_time\" content=\"2026-01-23T15:35:49+00:00\" \/>\n<meta property=\"og:image\" content=\"https:\/\/hifi-werkstatt-berlin.de\/wp-content\/uploads\/2026\/01\/Messung-Mixer-2.webp\" \/>\n\t<meta property=\"og:image:width\" content=\"1920\" \/>\n\t<meta property=\"og:image:height\" content=\"1441\" \/>\n\t<meta property=\"og:image:type\" content=\"image\/webp\" \/>\n<meta name=\"twitter:card\" content=\"summary_large_image\" \/>\n<meta name=\"twitter:label1\" content=\"Estimated reading time\" \/>\n\t<meta name=\"twitter:data1\" content=\"3 minutes\" \/>\n<script type=\"application\/ld+json\" class=\"yoast-schema-graph\">{\"@context\":\"https:\/\/schema.org\",\"@graph\":[{\"@type\":\"WebPage\",\"@id\":\"https:\/\/hifi-werkstatt-berlin.de\/service\/\",\"url\":\"https:\/\/hifi-werkstatt-berlin.de\/service\/\",\"name\":\"Service - HiFi Werkstatt Berlin\",\"isPartOf\":{\"@id\":\"https:\/\/hifi-werkstatt-berlin.de\/#website\"},\"primaryImageOfPage\":{\"@id\":\"https:\/\/hifi-werkstatt-berlin.de\/service\/#primaryimage\"},\"image\":{\"@id\":\"https:\/\/hifi-werkstatt-berlin.de\/service\/#primaryimage\"},\"thumbnailUrl\":\"https:\/\/hifi-werkstatt-berlin.de\/wp-content\/uploads\/2026\/01\/Messung-Mixer-2-768x576.webp\",\"datePublished\":\"2025-12-09T07:06:12+00:00\",\"dateModified\":\"2026-01-23T15:35:49+00:00\",\"description\":\"Hifi Service Berlin: Professionelle \u00dcberarbeitung, Reparatur und Recapping hochwertiger Hifi-Ger\u00e4te f\u00fcr perfekten Klang und lange Lebensdauer.\",\"breadcrumb\":{\"@id\":\"https:\/\/hifi-werkstatt-berlin.de\/service\/#breadcrumb\"},\"inLanguage\":\"en-GB\",\"potentialAction\":[{\"@type\":\"ReadAction\",\"target\":[\"https:\/\/hifi-werkstatt-berlin.de\/service\/\"]}]},{\"@type\":\"ImageObject\",\"inLanguage\":\"en-GB\",\"@id\":\"https:\/\/hifi-werkstatt-berlin.de\/service\/#primaryimage\",\"url\":\"https:\/\/hifi-werkstatt-berlin.de\/wp-content\/uploads\/2026\/01\/Messung-Mixer-2-768x576.webp\",\"contentUrl\":\"https:\/\/hifi-werkstatt-berlin.de\/wp-content\/uploads\/2026\/01\/Messung-Mixer-2-768x576.webp\"},{\"@type\":\"BreadcrumbList\",\"@id\":\"https:\/\/hifi-werkstatt-berlin.de\/service\/#breadcrumb\",\"itemListElement\":[{\"@type\":\"ListItem\",\"position\":1,\"name\":\"Startseite\",\"item\":\"https:\/\/hifi-werkstatt-berlin.de\/\"},{\"@type\":\"ListItem\",\"position\":2,\"name\":\"Service\"}]},{\"@type\":\"WebSite\",\"@id\":\"https:\/\/hifi-werkstatt-berlin.de\/#website\",\"url\":\"https:\/\/hifi-werkstatt-berlin.de\/\",\"name\":\"HiFi Werkstatt Berlin\",\"description\":\"Reparatur, Service und Sonderanfertigungen im HiFi Bereich.\",\"publisher\":{\"@id\":\"https:\/\/hifi-werkstatt-berlin.de\/#organization\"},\"potentialAction\":[{\"@type\":\"SearchAction\",\"target\":{\"@type\":\"EntryPoint\",\"urlTemplate\":\"https:\/\/hifi-werkstatt-berlin.de\/?s={search_term_string}\"},\"query-input\":{\"@type\":\"PropertyValueSpecification\",\"valueRequired\":true,\"valueName\":\"search_term_string\"}}],\"inLanguage\":\"en-GB\"},{\"@type\":\"Organization\",\"@id\":\"https:\/\/hifi-werkstatt-berlin.de\/#organization\",\"name\":\"HiFi Werkstatt Berlin\",\"url\":\"https:\/\/hifi-werkstatt-berlin.de\/\",\"logo\":{\"@type\":\"ImageObject\",\"inLanguage\":\"en-GB\",\"@id\":\"https:\/\/hifi-werkstatt-berlin.de\/#\/schema\/logo\/image\/\",\"url\":\"https:\/\/hifi-werkstatt-berlin.de\/wp-content\/uploads\/2026\/01\/Logo-Hifi-Werkstatt-Berlin.svg\",\"contentUrl\":\"https:\/\/hifi-werkstatt-berlin.de\/wp-content\/uploads\/2026\/01\/Logo-Hifi-Werkstatt-Berlin.svg\",\"width\":54,\"height\":20,\"caption\":\"HiFi Werkstatt Berlin\"},\"image\":{\"@id\":\"https:\/\/hifi-werkstatt-berlin.de\/#\/schema\/logo\/image\/\"}}]}<\/script>\n<!-- \/ Yoast SEO plugin. -->","yoast_head_json":{"title":"Service - HiFi Werkstatt Berlin","description":"Hifi Service Berlin: Professionelle \u00dcberarbeitung, Reparatur und Recapping hochwertiger Hifi-Ger\u00e4te f\u00fcr perfekten Klang und lange Lebensdauer.","robots":{"index":"index","follow":"follow","max-snippet":"max-snippet:-1","max-image-preview":"max-image-preview:large","max-video-preview":"max-video-preview:-1"},"canonical":"https:\/\/hifi-werkstatt-berlin.de\/en\/service\/","og_locale":"en_GB","og_type":"article","og_title":"Service - HiFi Werkstatt Berlin","og_description":"Hifi Service Berlin: Professionelle \u00dcberarbeitung, Reparatur und Recapping hochwertiger Hifi-Ger\u00e4te f\u00fcr perfekten Klang und lange Lebensdauer.","og_url":"https:\/\/hifi-werkstatt-berlin.de\/en\/service\/","og_site_name":"HiFi Werkstatt Berlin","article_modified_time":"2026-01-23T15:35:49+00:00","og_image":[{"width":1920,"height":1441,"url":"https:\/\/hifi-werkstatt-berlin.de\/wp-content\/uploads\/2026\/01\/Messung-Mixer-2.webp","type":"image\/webp"}],"twitter_card":"summary_large_image","twitter_misc":{"Estimated reading time":"3 minutes"},"schema":{"@context":"https:\/\/schema.org","@graph":[{"@type":"WebPage","@id":"https:\/\/hifi-werkstatt-berlin.de\/service\/","url":"https:\/\/hifi-werkstatt-berlin.de\/service\/","name":"Service - HiFi Werkstatt Berlin","isPartOf":{"@id":"https:\/\/hifi-werkstatt-berlin.de\/#website"},"primaryImageOfPage":{"@id":"https:\/\/hifi-werkstatt-berlin.de\/service\/#primaryimage"},"image":{"@id":"https:\/\/hifi-werkstatt-berlin.de\/service\/#primaryimage"},"thumbnailUrl":"https:\/\/hifi-werkstatt-berlin.de\/wp-content\/uploads\/2026\/01\/Messung-Mixer-2-768x576.webp","datePublished":"2025-12-09T07:06:12+00:00","dateModified":"2026-01-23T15:35:49+00:00","description":"Hifi Service Berlin: Professionelle \u00dcberarbeitung, Reparatur und Recapping hochwertiger Hifi-Ger\u00e4te f\u00fcr perfekten Klang und lange Lebensdauer.","breadcrumb":{"@id":"https:\/\/hifi-werkstatt-berlin.de\/service\/#breadcrumb"},"inLanguage":"en-GB","potentialAction":[{"@type":"ReadAction","target":["https:\/\/hifi-werkstatt-berlin.de\/service\/"]}]},{"@type":"ImageObject","inLanguage":"en-GB","@id":"https:\/\/hifi-werkstatt-berlin.de\/service\/#primaryimage","url":"https:\/\/hifi-werkstatt-berlin.de\/wp-content\/uploads\/2026\/01\/Messung-Mixer-2-768x576.webp","contentUrl":"https:\/\/hifi-werkstatt-berlin.de\/wp-content\/uploads\/2026\/01\/Messung-Mixer-2-768x576.webp"},{"@type":"BreadcrumbList","@id":"https:\/\/hifi-werkstatt-berlin.de\/service\/#breadcrumb","itemListElement":[{"@type":"ListItem","position":1,"name":"Startseite","item":"https:\/\/hifi-werkstatt-berlin.de\/"},{"@type":"ListItem","position":2,"name":"Service"}]},{"@type":"WebSite","@id":"https:\/\/hifi-werkstatt-berlin.de\/#website","url":"https:\/\/hifi-werkstatt-berlin.de\/","name":"HiFi Werkstatt Berlin","description":"Repairs, servicing and custom-made products in the hi-fi sector.","publisher":{"@id":"https:\/\/hifi-werkstatt-berlin.de\/#organization"},"potentialAction":[{"@type":"SearchAction","target":{"@type":"EntryPoint","urlTemplate":"https:\/\/hifi-werkstatt-berlin.de\/?s={search_term_string}"},"query-input":{"@type":"PropertyValueSpecification","valueRequired":true,"valueName":"search_term_string"}}],"inLanguage":"en-GB"},{"@type":"Organization","@id":"https:\/\/hifi-werkstatt-berlin.de\/#organization","name":"HiFi Werkstatt Berlin","url":"https:\/\/hifi-werkstatt-berlin.de\/","logo":{"@type":"ImageObject","inLanguage":"en-GB","@id":"https:\/\/hifi-werkstatt-berlin.de\/#\/schema\/logo\/image\/","url":"https:\/\/hifi-werkstatt-berlin.de\/wp-content\/uploads\/2026\/01\/Logo-Hifi-Werkstatt-Berlin.svg","contentUrl":"https:\/\/hifi-werkstatt-berlin.de\/wp-content\/uploads\/2026\/01\/Logo-Hifi-Werkstatt-Berlin.svg","width":54,"height":20,"caption":"HiFi Werkstatt Berlin"},"image":{"@id":"https:\/\/hifi-werkstatt-berlin.de\/#\/schema\/logo\/image\/"}}]}},"_links":{"self":[{"href":"http:\/\/hifi-werkstatt-berlin.de\/en\/wp-json\/wp\/v2\/pages\/622","targetHints":{"allow":["GET"]}}],"collection":[{"href":"http:\/\/hifi-werkstatt-berlin.de\/en\/wp-json\/wp\/v2\/pages"}],"about":[{"href":"http:\/\/hifi-werkstatt-berlin.de\/en\/wp-json\/wp\/v2\/types\/page"}],"author":[{"embeddable":true,"href":"http:\/\/hifi-werkstatt-berlin.de\/en\/wp-json\/wp\/v2\/users\/1"}],"replies":[{"embeddable":true,"href":"http:\/\/hifi-werkstatt-berlin.de\/en\/wp-json\/wp\/v2\/comments?post=622"}],"version-history":[{"count":3,"href":"http:\/\/hifi-werkstatt-berlin.de\/en\/wp-json\/wp\/v2\/pages\/622\/revisions"}],"predecessor-version":[{"id":1233,"href":"http:\/\/hifi-werkstatt-berlin.de\/en\/wp-json\/wp\/v2\/pages\/622\/revisions\/1233"}],"wp:attachment":[{"href":"http:\/\/hifi-werkstatt-berlin.de\/en\/wp-json\/wp\/v2\/media?parent=622"}],"curies":[{"name":"wp","href":"https:\/\/api.w.org\/{rel}","templated":true}]}}