{"id":109,"date":"2025-12-01T17:58:51","date_gmt":"2025-12-01T16:58:51","guid":{"rendered":"http:\/\/hifi-werkstatt-berlin.de\/?page_id=109"},"modified":"2026-01-23T16:35:21","modified_gmt":"2026-01-23T15:35:21","slug":"reparatur","status":"publish","type":"page","link":"https:\/\/hifi-werkstatt-berlin.de\/en\/reparatur\/","title":{"rendered":"Repair"},"content":{"rendered":"<div data-elementor-type=\"wp-page\" data-elementor-id=\"109\" class=\"elementor elementor-109\">\n\t\t\t\t<div class=\"elementor-element elementor-element-658125f6 e-flex e-con-boxed e-con e-parent\" data-id=\"658125f6\" data-element_type=\"container\" data-e-type=\"container\">\n\t\t\t\t\t<div class=\"e-con-inner\">\n\t\t\t\t<div class=\"elementor-element elementor-element-46cf94dd elementor-widget elementor-widget-heading\" data-id=\"46cf94dd\" data-element_type=\"widget\" data-e-type=\"widget\" data-widget_type=\"heading.default\">\n\t\t\t\t\t<h1 class=\"elementor-heading-title elementor-size-default\">HiFi Repair in Berlin<\/h1>\t\t\t\t<\/div>\n\t\t\t\t<div class=\"elementor-element elementor-element-9f53644 elementor-widget-divider--view-line elementor-widget elementor-widget-divider\" data-id=\"9f53644\" data-element_type=\"widget\" data-e-type=\"widget\" data-widget_type=\"divider.default\">\n\t\t\t\t\t\t\t<div class=\"elementor-divider\">\n\t\t\t<span class=\"elementor-divider-separator\">\n\t\t\t\t\t\t<\/span>\n\t\t<\/div>\n\t\t\t\t\t\t<\/div>\n\t\t\t\t<div class=\"elementor-element elementor-element-29487da5 elementor-widget__width-initial elementor-widget-tablet__width-initial elementor-widget elementor-widget-heading\" data-id=\"29487da5\" data-element_type=\"widget\" data-e-type=\"widget\" data-widget_type=\"heading.default\">\n\t\t\t\t\t<h5 class=\"elementor-heading-title elementor-size-default\">Professional fault diagnosis &amp; expert repair<\/h5>\t\t\t\t<\/div>\n\t\t\t\t\t<\/div>\n\t\t\t\t<\/div>\n\t\t<div class=\"elementor-element elementor-element-425a9c0f e-flex e-con-boxed e-con e-parent\" data-id=\"425a9c0f\" data-element_type=\"container\" data-e-type=\"container\" id=\"service1\">\n\t\t\t\t\t<div class=\"e-con-inner\">\n\t\t<div class=\"elementor-element elementor-element-6d5e4f79 e-con-full e-flex e-con e-child\" data-id=\"6d5e4f79\" data-element_type=\"container\" data-e-type=\"container\">\n\t\t\t\t<div class=\"elementor-element elementor-element-40db9c26 elementor-widget elementor-widget-heading\" data-id=\"40db9c26\" data-element_type=\"widget\" data-e-type=\"widget\" data-widget_type=\"heading.default\">\n\t\t\t\t\t<h2 class=\"elementor-heading-title elementor-size-default\">Our repair service<\/h2>\t\t\t\t<\/div>\n\t\t\t\t<div class=\"elementor-element elementor-element-6103e703 elementor-widget elementor-widget-text-editor\" data-id=\"6103e703\" data-element_type=\"widget\" data-e-type=\"widget\" data-widget_type=\"text-editor.default\">\n\t\t\t\t\t\t\t\t\t<p>Welcome to HiFi Werkstatt Berlin \u2013 your first port of call for hi-fi repairs in Berlin.<\/p><p>With years of experience in repairing, restoring and even developing high-quality audio electronics, we are passionate about taking care of your hi-fi equipment. Whether modern components or rare vintage treasures, we ensure that your device sounds as good as it did on the first day.<\/p>\t\t\t\t\t\t\t\t<\/div>\n\t\t\t\t<\/div>\n\t\t<div class=\"elementor-element elementor-element-5c06b03d e-con-full e-flex e-con e-child\" data-id=\"5c06b03d\" data-element_type=\"container\" data-e-type=\"container\">\n\t\t\t\t<div class=\"elementor-element elementor-element-290a807 elementor-invisible elementor-widget elementor-widget-image\" data-id=\"290a807\" data-element_type=\"widget\" data-e-type=\"widget\" data-settings=\"{&quot;_animation&quot;:&quot;fadeInRight&quot;}\" data-widget_type=\"image.default\">\n\t\t\t\t\t\t\t\t\t\t\t\t\t\t\t<img fetchpriority=\"high\" decoding=\"async\" width=\"768\" height=\"543\" src=\"https:\/\/hifi-werkstatt-berlin.de\/wp-content\/uploads\/2025\/12\/Farfisa_Soundmaker-768x543.webp\" class=\"attachment-medium_large size-medium_large wp-image-557\" alt=\"Das Innere eines Farfisa Soundmaker Synthesizers\" srcset=\"https:\/\/hifi-werkstatt-berlin.de\/wp-content\/uploads\/2025\/12\/Farfisa_Soundmaker-768x543.webp 768w, https:\/\/hifi-werkstatt-berlin.de\/wp-content\/uploads\/2025\/12\/Farfisa_Soundmaker-300x212.webp 300w, https:\/\/hifi-werkstatt-berlin.de\/wp-content\/uploads\/2025\/12\/Farfisa_Soundmaker-1024x725.webp 1024w, https:\/\/hifi-werkstatt-berlin.de\/wp-content\/uploads\/2025\/12\/Farfisa_Soundmaker.webp 1149w\" sizes=\"(max-width: 768px) 100vw, 768px\" \/>\t\t\t\t\t\t\t\t\t\t\t\t\t\t\t<\/div>\n\t\t\t\t<\/div>\n\t\t\t\t\t<\/div>\n\t\t\t\t<\/div>\n\t\t<div class=\"elementor-element elementor-element-9b91db9 e-flex e-con-boxed e-con e-parent\" data-id=\"9b91db9\" data-element_type=\"container\" data-e-type=\"container\" id=\"service3\">\n\t\t\t\t\t<div class=\"e-con-inner\">\n\t\t<div class=\"elementor-element elementor-element-2e9ba518 e-con-full e-flex e-con e-child\" data-id=\"2e9ba518\" data-element_type=\"container\" data-e-type=\"container\">\n\t\t\t\t<div class=\"elementor-element elementor-element-da04c0e elementor-invisible elementor-widget elementor-widget-image\" data-id=\"da04c0e\" data-element_type=\"widget\" data-e-type=\"widget\" data-settings=\"{&quot;_animation&quot;:&quot;fadeInLeft&quot;}\" data-widget_type=\"image.default\">\n\t\t\t\t\t\t\t\t\t\t\t\t\t\t\t<img decoding=\"async\" width=\"768\" height=\"511\" src=\"https:\/\/hifi-werkstatt-berlin.de\/wp-content\/uploads\/2025\/12\/Workshop_Oszilloskop-768x511.webp\" class=\"attachment-medium_large size-medium_large wp-image-553\" alt=\"Oszilloskop-Programm auf einem Laptop\" srcset=\"https:\/\/hifi-werkstatt-berlin.de\/wp-content\/uploads\/2025\/12\/Workshop_Oszilloskop-768x511.webp 768w, https:\/\/hifi-werkstatt-berlin.de\/wp-content\/uploads\/2025\/12\/Workshop_Oszilloskop-300x200.webp 300w, https:\/\/hifi-werkstatt-berlin.de\/wp-content\/uploads\/2025\/12\/Workshop_Oszilloskop-1024x681.webp 1024w, https:\/\/hifi-werkstatt-berlin.de\/wp-content\/uploads\/2025\/12\/Workshop_Oszilloskop-1536x1022.webp 1536w, https:\/\/hifi-werkstatt-berlin.de\/wp-content\/uploads\/2025\/12\/Workshop_Oszilloskop.webp 1920w\" sizes=\"(max-width: 768px) 100vw, 768px\" \/>\t\t\t\t\t\t\t\t\t\t\t\t\t\t\t<\/div>\n\t\t\t\t<\/div>\n\t\t<div class=\"elementor-element elementor-element-e9985 e-con-full e-flex e-con e-child\" data-id=\"e9985\" data-element_type=\"container\" data-e-type=\"container\">\n\t\t\t\t<div class=\"elementor-element elementor-element-5357689e elementor-widget elementor-widget-heading\" data-id=\"5357689e\" data-element_type=\"widget\" data-e-type=\"widget\" data-widget_type=\"heading.default\">\n\t\t\t\t\t<h2 class=\"elementor-heading-title elementor-size-default\">Typical error patterns<\/h2>\t\t\t\t<\/div>\n\t\t\t\t<div class=\"elementor-element elementor-element-55e2dc32 elementor-widget elementor-widget-text-editor\" data-id=\"55e2dc32\" data-element_type=\"widget\" data-e-type=\"widget\" data-widget_type=\"text-editor.default\">\n\t\t\t\t\t\t\t\t\t<p>Hi-fi equipment often experiences problems such as humming, dropouts, distorted sound or complete failure.<\/p><p>Mechanical defects in record players, tape decks or CD players are also typical faults, as are devices that no longer start up or suddenly switch to protection mode.<\/p><p>Many of these disorders arise from <a href=\"https:\/\/hifi-werkstatt-berlin.de\/en\/wiki\/kondensatoren-in-alten-hifi-geraeten\/\">aged components<\/a>, worn-out mechanics or faulty electronics \u2013 these issues can be reliably resolved with professional hi-fi repairs.<\/p>\t\t\t\t\t\t\t\t<\/div>\n\t\t\t\t<\/div>\n\t\t\t\t\t<\/div>\n\t\t\t\t<\/div>\n\t\t<div class=\"elementor-element elementor-element-605276e1 e-flex e-con-boxed e-con e-parent\" data-id=\"605276e1\" data-element_type=\"container\" data-e-type=\"container\" id=\"service2\">\n\t\t\t\t\t<div class=\"e-con-inner\">\n\t\t<div class=\"elementor-element elementor-element-25ad36d3 e-con-full e-flex e-con e-child\" data-id=\"25ad36d3\" data-element_type=\"container\" data-e-type=\"container\">\n\t\t\t\t<div class=\"elementor-element elementor-element-7166dfa3 elementor-widget elementor-widget-heading\" data-id=\"7166dfa3\" data-element_type=\"widget\" data-e-type=\"widget\" data-widget_type=\"heading.default\">\n\t\t\t\t\t<h2 class=\"elementor-heading-title elementor-size-default\">What we do for you when repairing hi-fi equipment<\/h2>\t\t\t\t<\/div>\n\t\t\t\t<div class=\"elementor-element elementor-element-28238053 elementor-widget elementor-widget-text-editor\" data-id=\"28238053\" data-element_type=\"widget\" data-e-type=\"widget\" data-widget_type=\"text-editor.default\">\n\t\t\t\t\t\t\t\t\t<p>Hi-fi repairs involve much more than simply replacing a defective component. We carry out a comprehensive technical inspection to reliably identify the cause of the fault. Depending on the device and the nature of the fault, a wide variety of work may be necessary and appropriate.<\/p>\t\t\t\t\t\t\t\t<\/div>\n\t\t\t\t<\/div>\n\t\t<div class=\"elementor-element elementor-element-40f6ed8c e-con-full e-flex e-con e-child\" data-id=\"40f6ed8c\" data-element_type=\"container\" data-e-type=\"container\" data-settings=\"{&quot;background_background&quot;:&quot;classic&quot;}\">\n\t\t\t\t<div class=\"elementor-element elementor-element-d6cdc3d elementor-widget elementor-widget-text-editor\" data-id=\"d6cdc3d\" data-element_type=\"widget\" data-e-type=\"widget\" data-widget_type=\"text-editor.default\">\n\t\t\t\t\t\t\t\t\t<ul><li data-start=\"1129\" data-end=\"1236\"><p data-start=\"1131\" data-end=\"1236\">Repair of electronic faults such as defective transistors, relays, diodes or operational amplifiers<\/p><\/li><li data-start=\"1237\" data-end=\"1332\"><p data-start=\"1239\" data-end=\"1332\">Repair of power supply units (fuses, rectifiers, voltage regulators, transformers)<\/p><\/li><li data-start=\"1333\" data-end=\"1411\"><p data-start=\"1335\" data-end=\"1411\">Replacement of damaged audio assemblies, power amplifier or preamplifier parts<\/p><\/li><li data-start=\"1412\" data-end=\"1485\"><p data-start=\"1414\" data-end=\"1485\">Repair of loudspeaker crossovers, drivers or connections<\/p><\/li><li data-start=\"1486\" data-end=\"1590\"><p data-start=\"1488\" data-end=\"1590\">Repair of mechanical components such as tape drives, turntable drives, belts, bearings<\/p><\/li><li data-start=\"1591\" data-end=\"1662\"><p data-start=\"1593\" data-end=\"1662\">Troubleshooting CD players (laser, motor units, tracking)<\/p><\/li><li data-start=\"1663\" data-end=\"1769\"><p data-start=\"1665\" data-end=\"1769\">Removal of scratching noises by cleaning or replacing potentiometers and switches<\/p><\/li><li data-start=\"1770\" data-end=\"1841\"><p data-start=\"1772\" data-end=\"1841\">Correction of channel dropouts, humming, noise or distortion<\/p><\/li><li data-start=\"1842\" data-end=\"1940\"><p data-start=\"1844\" data-end=\"1940\">Repair of devices that no longer switch on or immediately go into protection mode<\/p><\/li><\/ul>\t\t\t\t\t\t\t\t<\/div>\n\t\t\t\t<\/div>\n\t\t\t\t\t<\/div>\n\t\t\t\t<\/div>\n\t\t<div class=\"elementor-element elementor-element-769500be e-flex e-con-boxed e-con e-parent\" data-id=\"769500be\" data-element_type=\"container\" data-e-type=\"container\" id=\"service4\">\n\t\t\t\t\t<div class=\"e-con-inner\">\n\t\t<div class=\"elementor-element elementor-element-180ad02 e-con-full e-flex e-con e-child\" data-id=\"180ad02\" data-element_type=\"container\" data-e-type=\"container\">\n\t\t\t\t<div class=\"elementor-element elementor-element-7163cf52 elementor-widget elementor-widget-heading\" data-id=\"7163cf52\" data-element_type=\"widget\" data-e-type=\"widget\" data-widget_type=\"heading.default\">\n\t\t\t\t\t<h2 class=\"elementor-heading-title elementor-size-default\">We restore your device to perfect sound quality<\/h2>\t\t\t\t<\/div>\n\t\t\t\t<div class=\"elementor-element elementor-element-45aaba7c elementor-widget elementor-widget-text-editor\" data-id=\"45aaba7c\" data-element_type=\"widget\" data-e-type=\"widget\" data-widget_type=\"text-editor.default\">\n\t\t\t\t\t\t\t\t\t<p>We are the ideal place to go for your hi-fi repairs in Berlin, because we combine years of experience with modern measurement technology and in-depth expertise in analogue and vintage audio technology.<\/p><p>We work independently of brands, use high-quality components and manufacture rare <a href=\"https:\/\/hifi-werkstatt-berlin.de\/en\/sonderanfertigung\/\">replacement parts ourselfs if necessary<\/a>. Our precise working methods, transparent communication and comprehensive testing ensure that your device functions reliably and delivers its full potential in terms of sound quality.<\/p>\t\t\t\t\t\t\t\t<\/div>\n\t\t\t\t<\/div>\n\t\t<div class=\"elementor-element elementor-element-4fa7fbbb e-con-full e-flex e-con e-child\" data-id=\"4fa7fbbb\" data-element_type=\"container\" data-e-type=\"container\" data-settings=\"{&quot;background_background&quot;:&quot;classic&quot;}\">\n\t\t\t\t<div class=\"elementor-element elementor-element-d1d278e elementor-invisible elementor-widget elementor-widget-image\" data-id=\"d1d278e\" data-element_type=\"widget\" data-e-type=\"widget\" data-settings=\"{&quot;_animation&quot;:&quot;fadeInRight&quot;}\" data-widget_type=\"image.default\">\n\t\t\t\t\t\t\t\t\t\t\t\t\t\t\t<img decoding=\"async\" width=\"768\" height=\"1024\" src=\"https:\/\/hifi-werkstatt-berlin.de\/wp-content\/uploads\/2025\/12\/Jasper_Reparatur-768x1024.webp\" class=\"attachment-medium_large size-medium_large wp-image-549\" alt=\"Bild wie an einem modularen Audio Mixer gearbeitet wird\" srcset=\"https:\/\/hifi-werkstatt-berlin.de\/wp-content\/uploads\/2025\/12\/Jasper_Reparatur-768x1024.webp 768w, https:\/\/hifi-werkstatt-berlin.de\/wp-content\/uploads\/2025\/12\/Jasper_Reparatur-225x300.webp 225w, https:\/\/hifi-werkstatt-berlin.de\/wp-content\/uploads\/2025\/12\/Jasper_Reparatur-1152x1536.webp 1152w, https:\/\/hifi-werkstatt-berlin.de\/wp-content\/uploads\/2025\/12\/Jasper_Reparatur.webp 1440w\" sizes=\"(max-width: 768px) 100vw, 768px\" \/>\t\t\t\t\t\t\t\t\t\t\t\t\t\t\t<\/div>\n\t\t\t\t<\/div>\n\t\t\t\t\t<\/div>\n\t\t\t\t<\/div>\n\t\t<div class=\"elementor-element elementor-element-483dab4a e-flex e-con-boxed e-con e-parent\" data-id=\"483dab4a\" data-element_type=\"container\" data-e-type=\"container\">\n\t\t\t\t\t<div class=\"e-con-inner\">\n\t\t\t\t<div class=\"elementor-element elementor-element-c96db48 elementor-widget elementor-widget-heading\" data-id=\"c96db48\" data-element_type=\"widget\" data-e-type=\"widget\" data-widget_type=\"heading.default\">\n\t\t\t\t\t<h2 class=\"elementor-heading-title elementor-size-default\">We are happy to advise you!<\/h2>\t\t\t\t<\/div>\n\t\t\t\t<div class=\"elementor-element elementor-element-12ad116 elementor-widget elementor-widget-text-editor\" data-id=\"12ad116\" data-element_type=\"widget\" data-e-type=\"widget\" data-widget_type=\"text-editor.default\">\n\t\t\t\t\t\t\t\t\t<p>Whether it's an amplifier, record player, loudspeaker, tape recorder, CD player or tape deck \u2013 we'll take care of it.<br data-start=\"5620\" data-end=\"5623\" \/>Simply send us your enquiry using the contact form and we will take care of the rest.<\/p>\t\t\t\t\t\t\t\t<\/div>\n\t\t\t\t<div class=\"elementor-element elementor-element-5f575a41 elementor-align-center elementor-invisible elementor-widget elementor-widget-button\" data-id=\"5f575a41\" data-element_type=\"widget\" data-e-type=\"widget\" data-settings=\"{&quot;_animation&quot;:&quot;fadeInDown&quot;}\" data-widget_type=\"button.default\">\n\t\t\t\t\t\t\t\t\t\t<a class=\"elementor-button elementor-button-link elementor-size-sm\" href=\"https:\/\/hifi-werkstatt-berlin.de\/en\/#Kontakt\">\n\t\t\t\t\t\t<span class=\"elementor-button-content-wrapper\">\n\t\t\t\t\t\t\t\t\t<span class=\"elementor-button-text\">Contact us<\/span>\n\t\t\t\t\t<\/span>\n\t\t\t\t\t<\/a>\n\t\t\t\t\t\t\t\t<\/div>\n\t\t\t\t\t<\/div>\n\t\t\t\t<\/div>\n\t\t<div class=\"elementor-element elementor-element-b4853f4 e-flex e-con-boxed e-con e-parent\" data-id=\"b4853f4\" data-element_type=\"container\" data-e-type=\"container\">\n\t\t\t\t\t<div class=\"e-con-inner\">\n\t\t\t\t<div class=\"elementor-element elementor-element-d7eefdb elementor-widget elementor-widget-spacer\" data-id=\"d7eefdb\" data-element_type=\"widget\" data-e-type=\"widget\" data-widget_type=\"spacer.default\">\n\t\t\t\t\t\t\t<div class=\"elementor-spacer\">\n\t\t\t<div class=\"elementor-spacer-inner\"><\/div>\n\t\t<\/div>\n\t\t\t\t\t\t<\/div>\n\t\t\t\t\t<\/div>\n\t\t\t\t<\/div>\n\t\t\t\t<\/div>","protected":false},"excerpt":{"rendered":"<p>HiFi Reparatur in Berlin Professionelle Fehlerdiagnose &amp; fachgerechte Instandsetzung Unser Reparatur Service Willkommen bei der HiFi Werkstatt Berlin \u2013 Ihrer ersten Adresse f\u00fcr HiFi Reparatur in Berlin. Mit jahrelanger Erfahrung in der Reparatur, Restaurierung und sogar der Entwicklung hochwertiger Audioelektronik k\u00fcmmern wir uns mit Leidenschaft um Ihre HiFi-Ger\u00e4te. Ob moderne Komponenten oder seltene Vintage-Sch\u00e4tze: Wir [&hellip;]<\/p>\n","protected":false},"author":1,"featured_media":0,"parent":0,"menu_order":0,"comment_status":"closed","ping_status":"closed","template":"elementor_header_footer","meta":{"footnotes":""},"class_list":["post-109","page","type-page","status-publish","hentry"],"yoast_head":"<!-- This site is optimized with the Yoast SEO plugin v27.4 - https:\/\/yoast.com\/product\/yoast-seo-wordpress\/ -->\n<title>Reparatur - HiFi Werkstatt Berlin<\/title>\n<meta name=\"description\" content=\"Professionelle Reparatur, Restaurierung und Fehlerbehebung f\u00fcr Verst\u00e4rker, Plattenspieler, Lautsprecher &amp; mehr \u2013 zuverl\u00e4ssig &amp; fachgerecht.\" \/>\n<meta name=\"robots\" content=\"index, follow, max-snippet:-1, max-image-preview:large, max-video-preview:-1\" \/>\n<link rel=\"canonical\" href=\"https:\/\/hifi-werkstatt-berlin.de\/en\/reparatur\/\" \/>\n<meta property=\"og:locale\" content=\"en_GB\" \/>\n<meta property=\"og:type\" content=\"article\" \/>\n<meta property=\"og:title\" content=\"Reparatur - HiFi Werkstatt Berlin\" \/>\n<meta property=\"og:description\" content=\"Professionelle Reparatur, Restaurierung und Fehlerbehebung f\u00fcr Verst\u00e4rker, Plattenspieler, Lautsprecher &amp; mehr \u2013 zuverl\u00e4ssig &amp; fachgerecht.\" \/>\n<meta property=\"og:url\" content=\"https:\/\/hifi-werkstatt-berlin.de\/en\/reparatur\/\" \/>\n<meta property=\"og:site_name\" content=\"HiFi Werkstatt Berlin\" \/>\n<meta property=\"article:modified_time\" content=\"2026-01-23T15:35:21+00:00\" \/>\n<meta property=\"og:image\" content=\"https:\/\/hifi-werkstatt-berlin.de\/wp-content\/uploads\/2025\/12\/Farfisa_Soundmaker.webp\" \/>\n\t<meta property=\"og:image:width\" content=\"1149\" \/>\n\t<meta property=\"og:image:height\" content=\"813\" \/>\n\t<meta property=\"og:image:type\" content=\"image\/webp\" \/>\n<meta name=\"twitter:card\" content=\"summary_large_image\" \/>\n<meta name=\"twitter:label1\" content=\"Estimated reading time\" \/>\n\t<meta name=\"twitter:data1\" content=\"3 minutes\" \/>\n<script type=\"application\/ld+json\" class=\"yoast-schema-graph\">{\"@context\":\"https:\\\/\\\/schema.org\",\"@graph\":[{\"@type\":\"WebPage\",\"@id\":\"https:\\\/\\\/hifi-werkstatt-berlin.de\\\/reparatur\\\/\",\"url\":\"https:\\\/\\\/hifi-werkstatt-berlin.de\\\/reparatur\\\/\",\"name\":\"Reparatur - HiFi Werkstatt Berlin\",\"isPartOf\":{\"@id\":\"https:\\\/\\\/hifi-werkstatt-berlin.de\\\/#website\"},\"primaryImageOfPage\":{\"@id\":\"https:\\\/\\\/hifi-werkstatt-berlin.de\\\/reparatur\\\/#primaryimage\"},\"image\":{\"@id\":\"https:\\\/\\\/hifi-werkstatt-berlin.de\\\/reparatur\\\/#primaryimage\"},\"thumbnailUrl\":\"https:\\\/\\\/hifi-werkstatt-berlin.de\\\/wp-content\\\/uploads\\\/2025\\\/12\\\/Farfisa_Soundmaker-768x543.webp\",\"datePublished\":\"2025-12-01T16:58:51+00:00\",\"dateModified\":\"2026-01-23T15:35:21+00:00\",\"description\":\"Professionelle Reparatur, Restaurierung und Fehlerbehebung f\u00fcr Verst\u00e4rker, Plattenspieler, Lautsprecher & mehr \u2013 zuverl\u00e4ssig & fachgerecht.\",\"breadcrumb\":{\"@id\":\"https:\\\/\\\/hifi-werkstatt-berlin.de\\\/reparatur\\\/#breadcrumb\"},\"inLanguage\":\"en-GB\",\"potentialAction\":[{\"@type\":\"ReadAction\",\"target\":[\"https:\\\/\\\/hifi-werkstatt-berlin.de\\\/reparatur\\\/\"]}]},{\"@type\":\"ImageObject\",\"inLanguage\":\"en-GB\",\"@id\":\"https:\\\/\\\/hifi-werkstatt-berlin.de\\\/reparatur\\\/#primaryimage\",\"url\":\"https:\\\/\\\/hifi-werkstatt-berlin.de\\\/wp-content\\\/uploads\\\/2025\\\/12\\\/Farfisa_Soundmaker-768x543.webp\",\"contentUrl\":\"https:\\\/\\\/hifi-werkstatt-berlin.de\\\/wp-content\\\/uploads\\\/2025\\\/12\\\/Farfisa_Soundmaker-768x543.webp\"},{\"@type\":\"BreadcrumbList\",\"@id\":\"https:\\\/\\\/hifi-werkstatt-berlin.de\\\/reparatur\\\/#breadcrumb\",\"itemListElement\":[{\"@type\":\"ListItem\",\"position\":1,\"name\":\"Startseite\",\"item\":\"https:\\\/\\\/hifi-werkstatt-berlin.de\\\/\"},{\"@type\":\"ListItem\",\"position\":2,\"name\":\"Reparatur\"}]},{\"@type\":\"WebSite\",\"@id\":\"https:\\\/\\\/hifi-werkstatt-berlin.de\\\/#website\",\"url\":\"https:\\\/\\\/hifi-werkstatt-berlin.de\\\/\",\"name\":\"HiFi Werkstatt Berlin\",\"description\":\"Reparatur, Service und Sonderanfertigungen im HiFi Bereich.\",\"publisher\":{\"@id\":\"https:\\\/\\\/hifi-werkstatt-berlin.de\\\/#organization\"},\"potentialAction\":[{\"@type\":\"SearchAction\",\"target\":{\"@type\":\"EntryPoint\",\"urlTemplate\":\"https:\\\/\\\/hifi-werkstatt-berlin.de\\\/?s={search_term_string}\"},\"query-input\":{\"@type\":\"PropertyValueSpecification\",\"valueRequired\":true,\"valueName\":\"search_term_string\"}}],\"inLanguage\":\"en-GB\"},{\"@type\":\"Organization\",\"@id\":\"https:\\\/\\\/hifi-werkstatt-berlin.de\\\/#organization\",\"name\":\"HiFi Werkstatt Berlin\",\"url\":\"https:\\\/\\\/hifi-werkstatt-berlin.de\\\/\",\"logo\":{\"@type\":\"ImageObject\",\"inLanguage\":\"en-GB\",\"@id\":\"https:\\\/\\\/hifi-werkstatt-berlin.de\\\/#\\\/schema\\\/logo\\\/image\\\/\",\"url\":\"https:\\\/\\\/hifi-werkstatt-berlin.de\\\/wp-content\\\/uploads\\\/2026\\\/01\\\/Logo-Hifi-Werkstatt-Berlin.svg\",\"contentUrl\":\"https:\\\/\\\/hifi-werkstatt-berlin.de\\\/wp-content\\\/uploads\\\/2026\\\/01\\\/Logo-Hifi-Werkstatt-Berlin.svg\",\"width\":54,\"height\":20,\"caption\":\"HiFi Werkstatt Berlin\"},\"image\":{\"@id\":\"https:\\\/\\\/hifi-werkstatt-berlin.de\\\/#\\\/schema\\\/logo\\\/image\\\/\"}}]}<\/script>\n<!-- \/ Yoast SEO plugin. -->","yoast_head_json":{"title":"Reparatur - HiFi Werkstatt Berlin","description":"Professionelle Reparatur, Restaurierung und Fehlerbehebung f\u00fcr Verst\u00e4rker, Plattenspieler, Lautsprecher & mehr \u2013 zuverl\u00e4ssig & fachgerecht.","robots":{"index":"index","follow":"follow","max-snippet":"max-snippet:-1","max-image-preview":"max-image-preview:large","max-video-preview":"max-video-preview:-1"},"canonical":"https:\/\/hifi-werkstatt-berlin.de\/en\/reparatur\/","og_locale":"en_GB","og_type":"article","og_title":"Reparatur - HiFi Werkstatt Berlin","og_description":"Professionelle Reparatur, Restaurierung und Fehlerbehebung f\u00fcr Verst\u00e4rker, Plattenspieler, Lautsprecher & mehr \u2013 zuverl\u00e4ssig & fachgerecht.","og_url":"https:\/\/hifi-werkstatt-berlin.de\/en\/reparatur\/","og_site_name":"HiFi Werkstatt Berlin","article_modified_time":"2026-01-23T15:35:21+00:00","og_image":[{"width":1149,"height":813,"url":"https:\/\/hifi-werkstatt-berlin.de\/wp-content\/uploads\/2025\/12\/Farfisa_Soundmaker.webp","type":"image\/webp"}],"twitter_card":"summary_large_image","twitter_misc":{"Estimated reading time":"3 minutes"},"schema":{"@context":"https:\/\/schema.org","@graph":[{"@type":"WebPage","@id":"https:\/\/hifi-werkstatt-berlin.de\/reparatur\/","url":"https:\/\/hifi-werkstatt-berlin.de\/reparatur\/","name":"Reparatur - HiFi Werkstatt Berlin","isPartOf":{"@id":"https:\/\/hifi-werkstatt-berlin.de\/#website"},"primaryImageOfPage":{"@id":"https:\/\/hifi-werkstatt-berlin.de\/reparatur\/#primaryimage"},"image":{"@id":"https:\/\/hifi-werkstatt-berlin.de\/reparatur\/#primaryimage"},"thumbnailUrl":"https:\/\/hifi-werkstatt-berlin.de\/wp-content\/uploads\/2025\/12\/Farfisa_Soundmaker-768x543.webp","datePublished":"2025-12-01T16:58:51+00:00","dateModified":"2026-01-23T15:35:21+00:00","description":"Professionelle Reparatur, Restaurierung und Fehlerbehebung f\u00fcr Verst\u00e4rker, Plattenspieler, Lautsprecher & mehr \u2013 zuverl\u00e4ssig & fachgerecht.","breadcrumb":{"@id":"https:\/\/hifi-werkstatt-berlin.de\/reparatur\/#breadcrumb"},"inLanguage":"en-GB","potentialAction":[{"@type":"ReadAction","target":["https:\/\/hifi-werkstatt-berlin.de\/reparatur\/"]}]},{"@type":"ImageObject","inLanguage":"en-GB","@id":"https:\/\/hifi-werkstatt-berlin.de\/reparatur\/#primaryimage","url":"https:\/\/hifi-werkstatt-berlin.de\/wp-content\/uploads\/2025\/12\/Farfisa_Soundmaker-768x543.webp","contentUrl":"https:\/\/hifi-werkstatt-berlin.de\/wp-content\/uploads\/2025\/12\/Farfisa_Soundmaker-768x543.webp"},{"@type":"BreadcrumbList","@id":"https:\/\/hifi-werkstatt-berlin.de\/reparatur\/#breadcrumb","itemListElement":[{"@type":"ListItem","position":1,"name":"Startseite","item":"https:\/\/hifi-werkstatt-berlin.de\/"},{"@type":"ListItem","position":2,"name":"Reparatur"}]},{"@type":"WebSite","@id":"https:\/\/hifi-werkstatt-berlin.de\/#website","url":"https:\/\/hifi-werkstatt-berlin.de\/","name":"HiFi Werkstatt Berlin","description":"Repairs, servicing and custom-made products in the hi-fi sector.","publisher":{"@id":"https:\/\/hifi-werkstatt-berlin.de\/#organization"},"potentialAction":[{"@type":"SearchAction","target":{"@type":"EntryPoint","urlTemplate":"https:\/\/hifi-werkstatt-berlin.de\/?s={search_term_string}"},"query-input":{"@type":"PropertyValueSpecification","valueRequired":true,"valueName":"search_term_string"}}],"inLanguage":"en-GB"},{"@type":"Organization","@id":"https:\/\/hifi-werkstatt-berlin.de\/#organization","name":"HiFi Werkstatt Berlin","url":"https:\/\/hifi-werkstatt-berlin.de\/","logo":{"@type":"ImageObject","inLanguage":"en-GB","@id":"https:\/\/hifi-werkstatt-berlin.de\/#\/schema\/logo\/image\/","url":"https:\/\/hifi-werkstatt-berlin.de\/wp-content\/uploads\/2026\/01\/Logo-Hifi-Werkstatt-Berlin.svg","contentUrl":"https:\/\/hifi-werkstatt-berlin.de\/wp-content\/uploads\/2026\/01\/Logo-Hifi-Werkstatt-Berlin.svg","width":54,"height":20,"caption":"HiFi Werkstatt Berlin"},"image":{"@id":"https:\/\/hifi-werkstatt-berlin.de\/#\/schema\/logo\/image\/"}}]}},"_links":{"self":[{"href":"https:\/\/hifi-werkstatt-berlin.de\/en\/wp-json\/wp\/v2\/pages\/109","targetHints":{"allow":["GET"]}}],"collection":[{"href":"https:\/\/hifi-werkstatt-berlin.de\/en\/wp-json\/wp\/v2\/pages"}],"about":[{"href":"https:\/\/hifi-werkstatt-berlin.de\/en\/wp-json\/wp\/v2\/types\/page"}],"author":[{"embeddable":true,"href":"https:\/\/hifi-werkstatt-berlin.de\/en\/wp-json\/wp\/v2\/users\/1"}],"replies":[{"embeddable":true,"href":"https:\/\/hifi-werkstatt-berlin.de\/en\/wp-json\/wp\/v2\/comments?post=109"}],"version-history":[{"count":3,"href":"https:\/\/hifi-werkstatt-berlin.de\/en\/wp-json\/wp\/v2\/pages\/109\/revisions"}],"predecessor-version":[{"id":1230,"href":"https:\/\/hifi-werkstatt-berlin.de\/en\/wp-json\/wp\/v2\/pages\/109\/revisions\/1230"}],"wp:attachment":[{"href":"https:\/\/hifi-werkstatt-berlin.de\/en\/wp-json\/wp\/v2\/media?parent=109"}],"curies":[{"name":"wp","href":"https:\/\/api.w.org\/{rel}","templated":true}]}}