{"id":171,"date":"2025-12-01T19:57:40","date_gmt":"2025-12-01T18:57:40","guid":{"rendered":"http:\/\/hifi-werkstatt-berlin.de\/?page_id=171"},"modified":"2026-01-06T20:51:03","modified_gmt":"2026-01-06T19:51:03","slug":"agb","status":"publish","type":"page","link":"https:\/\/hifi-werkstatt-berlin.de\/en\/agb\/","title":{"rendered":"Terms and Conditions"},"content":{"rendered":"<div data-elementor-type=\"wp-page\" data-elementor-id=\"171\" class=\"elementor elementor-171\">\n\t\t\t\t<div class=\"elementor-element elementor-element-c29687e e-flex e-con-boxed e-con e-parent\" data-id=\"c29687e\" data-element_type=\"container\" data-e-type=\"container\">\n\t\t\t\t\t<div class=\"e-con-inner\">\n\t\t\t\t<div class=\"elementor-element elementor-element-9368caa elementor-widget elementor-widget-text-editor\" data-id=\"9368caa\" data-element_type=\"widget\" data-e-type=\"widget\" data-widget_type=\"text-editor.default\">\n\t\t\t\t\t\t\t\t\t<h2 data-start=\"0\" data-end=\"59\">Allgemeine Gesch\u00e4ftsbedingungen der Hifi Werkstatt Berlin (Inh. Jasper Lauter)<\/h2><p data-start=\"61\" data-end=\"312\"><strong data-start=\"61\" data-end=\"84\">1. Geltungsbereich:<\/strong> Diese AGB gelten f\u00fcr alle Vertr\u00e4ge zwischen der Hifi Werkstatt Berlin (Inhaber: Jasper Lauter, Taborstra\u00dfe 16, 10997 Berlin) und ihren Kunden. Abweichende Bedingungen werden nur wirksam, wenn sie ausdr\u00fccklich vereinbart sind.<\/p><p data-start=\"314\" data-end=\"561\"><strong data-start=\"314\" data-end=\"337\">2. Vertragsschluss:<\/strong><\/p><p data-start=\"1077\" data-end=\"1337\">2.1 Der Vertrag kommt zustande, wenn der Kunde die Durchf\u00fchrung einer Fehlerdiagnose, einer Reparatur oder eines Serviceauftrags telefonisch, schriftlich oder in Textform (z. B. per E-Mail oder Kontaktformular) beauftragt und wir diesen Auftrag annehmen.<\/p><p data-start=\"1344\" data-end=\"1475\">2.2 Beauftragt der Kunde zun\u00e4chst ausschlie\u00dflich eine Fehlerdiagnose, kommt hier\u00fcber ein eigenst\u00e4ndiger Werkvertrag zustande.<\/p><p data-start=\"1482\" data-end=\"1702\">2.3 Auf Grundlage der Fehlerdiagnose erstellen wir einen Kostenvoranschlag. Ein Vertrag \u00fcber die Reparatur oder einen Serviceauftrag kommt erst mit ausdr\u00fccklicher Zustimmung des Kunden zum Kostenvoranschlag zustande.<\/p><p data-start=\"563\" data-end=\"1029\"><strong data-start=\"563\" data-end=\"586\">3. Leistungsumfang:<\/strong><\/p><p data-start=\"1910\" data-end=\"2149\">3.1 Gegenstand des Vertrages ist \u2013 je nach Beauftragung \u2013<br data-start=\"1967\" data-end=\"1970\" \/>a) die Durchf\u00fchrung einer technischen Fehlerdiagnose,<br data-start=\"2029\" data-end=\"2032\" \/>b) die Reparatur eines HiFi-Ger\u00e4tes oder<br data-start=\"2078\" data-end=\"2081\" \/>c) ein umfassender Service-\/Wartungsauftrag an HiFi-Ger\u00e4ten.<\/p><p data-start=\"2156\" data-end=\"2314\">3.2 Die Fehlerdiagnose umfasst insbesondere das \u00d6ffnen des Ger\u00e4ts, Messungen, Pr\u00fcfungen relevanter Baugruppen sowie die fachliche Analyse der Fehlerursache.<\/p><p data-start=\"2321\" data-end=\"2428\">3.3 Eine Reparatur umfasst die gezielte Behebung der im Rahmen der Fehlerdiagnose festgestellten Defekte.<\/p><p data-start=\"2435\" data-end=\"2675\">3.4 Ein Serviceauftrag geht \u00fcber eine Reparatur hinaus und umfasst insbesondere die Erneuerung von Elektrolytkondensatoren (Recapping), Reinigung und Justierung relevanter Bauteile sowie eine umfassende Innen- und Au\u00dfenreinigung des Ger\u00e4ts.<\/p><p data-start=\"266\" data-end=\"319\"><strong>4. Fehlerdiagnose und Kostenvoranschlag<\/strong><\/p><p data-start=\"321\" data-end=\"599\">4.1 Vor Durchf\u00fchrung einer Reparatur oder eines Serviceauftrags f\u00fchren wir auf Wunsch des Kunden eine technische Fehlerdiagnose durch. Diese umfasst insbesondere das \u00d6ffnen des Ger\u00e4ts, Messungen, Pr\u00fcfungen relevanter Baugruppen sowie die fachliche Analyse der Fehlerursache.<\/p><p data-start=\"601\" data-end=\"818\">4.2 Die Fehlerdiagnose ist eine eigenst\u00e4ndige, kostenpflichtige Werkleistung. Hierf\u00fcr berechnen wir eine Pauschale in H\u00f6he von 60 \u20ac, sofern nichts Abweichendes vereinbart wurde.<\/p><p data-start=\"820\" data-end=\"980\">4.3 Auf Grundlage der Fehlerdiagnose erstellen wir einen detaillierten Kostenvoranschlag. Die Erstellung des Kostenvoranschlags selbst ist kostenfrei.<\/p><p data-start=\"982\" data-end=\"1237\">4.4 Entscheidet sich der Kunde nach Erhalt des Kostenvoranschlags f\u00fcr die Durchf\u00fchrung der Reparatur oder eines Serviceauftrags, wird die f\u00fcr die Fehlerdiagnose berechnete Pauschale von 60 \u20ac vollst\u00e4ndig auf den endg\u00fcltigen Rechnungsbetrag angerechnet.<\/p><p data-start=\"1239\" data-end=\"1464\">4.5 Lehnt der Kunde den Kostenvoranschlag ab, bleibt die Verg\u00fctung f\u00fcr die bereits durchgef\u00fchrte Fehlerdiagnose in H\u00f6he von 60 \u20ac geschuldet. Zus\u00e4tzlich tr\u00e4gt der Kunde in diesem Fall die Kosten f\u00fcr den R\u00fcckversand des Ger\u00e4ts.<\/p><p data-start=\"1466\" data-end=\"1742\">4.6 Ergibt sich w\u00e4hrend der Reparatur oder des Serviceauftrags, dass der tats\u00e4chliche Aufwand den im Kostenvoranschlag angegebenen Gesamtpreis voraussichtlich um mehr als 10 % \u00fcberschreiten wird, informieren wir den Kunden unverz\u00fcglich und holen dessen Zustimmung zur Fortf\u00fchrung der Arbeiten ein.<\/p><p data-start=\"2197\" data-end=\"2683\"><strong data-start=\"2197\" data-end=\"2223\">5. Preise und Zahlung:<\/strong> Die Hifi Werkstatt Berlin ist Kleinunternehmer im Sinne des \u00a719 Abs. 1 UStG. Es wird daher keine Umsatzsteuer berechnet und ausgewiesen. Alle Preise verstehen sich als Endpreise. Die Reparatur- oder Servicekosten setzen sich zusammen aus Arbeitslohn und Material. Die Arbeitszeit wird in 6-Minuten-Einheiten \u00e0 4\u202f\u20ac (entspricht 40\u202f\u20ac pro Stunde) abgerechnet. Hinzu kommen Kosten f\u00fcr bestellte Ersatzteile sowie eine Pauschale von 10\u202f\u20ac f\u00fcr Kleinmaterial. Nach Abnahme der Reparatur wird eine Rechnung erstellt und innerhalb von 14 Tagen f\u00e4llig. Bei Zahlungsverzug behalten wir uns vor, gesetzliche Verzugszinsen sowie Mahnkosten zu berechnen. Die Zahlung erfolgt per \u00dcberweisung auf das angegebene Konto, Paypal oder Barzahlung.<\/p><p data-start=\"2685\" data-end=\"3236\"><strong data-start=\"2685\" data-end=\"2717\">6. Durchf\u00fchrung und Fristen:<\/strong> Nach Beauftragung vereinbaren wir \u2013 wenn nicht anders vereinbart \u2013 mit Ihnen einen Abhol- oder Abgabetermin. Die Reparatur wird schnellstm\u00f6glich durchgef\u00fchrt. Typisch sind 2\u20134 Wochen, je nach Ersatzteil-Beschaffungszeit. Liefertermine sind grunds\u00e4tzlich unverbindlich. Kommen Verz\u00f6gerungen hinzu (z.B. Lieferengp\u00e4sse), verl\u00e4ngern sich Fristen angemessen. Kommt es zu einer unverbindlichen Lieferfrist, kann der Auftraggeber erst nach Ablauf einer angemessenen Nachfrist vom Vertrag zur\u00fccktreten (vgl. \u00a7\u00a7 276, 323 BGB).<\/p><p data-start=\"3238\" data-end=\"3268\"><strong data-start=\"3238\" data-end=\"3266\">7. Abholung und Versand:<\/strong><\/p><ul data-start=\"3269\" data-end=\"4039\"><li data-start=\"3269\" data-end=\"3522\"><p data-start=\"3271\" data-end=\"3522\"><em data-start=\"3271\" data-end=\"3299\">Abholung vor Ort (Berlin):<\/em> In Berlin holen wir Ihr Ger\u00e4t nach Terminvereinbarung kostenlos ab und bringen den n\u00f6tigen Versandbeh\u00e4lter mit. Sie erhalten eine Best\u00e4tigung \u00fcber die Abholung. Nach Reparatur liefern wir das Ger\u00e4t nach Absprache zur\u00fcck.<\/p><\/li><li data-start=\"3523\" data-end=\"3894\"><p data-start=\"3525\" data-end=\"3894\"><em data-start=\"3525\" data-end=\"3544\">Versand per Post:<\/em> Sie senden uns Ihr Ger\u00e4t im von uns bereitgestellten, gepolsterten Versandbeh\u00e4lter (mit Schaumstofff\u00fcllung und R\u00fcckschein) zu. Sie zahlen in diesem Fall die Versandinstruktionen: Wir \u00fcbernehmen die Kosten, wenn die Reparatur beauftragt wird. Falls Sie nach Kostenvoranschlag von einer Reparatur absehen, tr\u00e4gt der Kunde die Kosten der R\u00fccksendung.<\/p><\/li><li data-start=\"3895\" data-end=\"4039\"><p data-start=\"3897\" data-end=\"4039\"><em data-start=\"3897\" data-end=\"3918\">Pers\u00f6nliche Abgabe:<\/em> Eine pers\u00f6nliche Abgabe (Kundenannahme) ist derzeit nicht m\u00f6glich. Bitte nutzen Sie die Abholung oder den Postversand.<\/p><\/li><\/ul><p data-start=\"4041\" data-end=\"4419\"><strong data-start=\"4041\" data-end=\"4068\">8. Eigentum und Gefahr:<\/strong> Bis zur vollst\u00e4ndigen Bezahlung bleibt das Ger\u00e4t in unserem Besitz (besonderes Pfandrecht). Die Gefahr des Verlusts oder der Besch\u00e4digung w\u00e4hrend des Transports tr\u00e4gt \u2013 soweit nicht anders vereinbart \u2013 der Kunde. Bei Abholung durch uns gilt: Wir versichern den Transport, Sie tragen dennoch das Transportrisiko.<\/p><p data-start=\"4421\" data-end=\"5043\"><strong data-start=\"4421\" data-end=\"4448\">9. Haftung bei M\u00e4ngeln:<\/strong> F\u00fcr M\u00e4ngel haften wir nach den gesetzlichen Vorschriften. Nach Abschluss der Arbeiten sind Sie verpflichtet, das Ger\u00e4t auf etwaige M\u00e4ngel zu pr\u00fcfen und uns diese unverz\u00fcglich schriftlich anzuzeigen (\u00a7\u00a7 634 ff. BGB). Haben wir einen Mangel zu vertreten, leisten wir nach unserer Wahl Nachbesserung (erneute Reparatur) oder Ersatzlieferung. Weitergehende Anspr\u00fcche (z.B. Schadensersatz) bestehen nur im gesetzlich zul\u00e4ssigen Umfang. Gew\u00e4hrleistungsanspr\u00fcche verj\u00e4hren nach zwei Jahren ab Abnahme des reparierten Ger\u00e4tes.<strong data-start=\"5045\" data-end=\"5062\">\u00a0<\/strong><\/p><p data-start=\"5486\" data-end=\"6039\"><strong data-start=\"5486\" data-end=\"5513\">10. Haftungsausschluss:<\/strong> Wir haften nicht f\u00fcr Sch\u00e4den, die nicht auf unsere Reparatur zur\u00fcckzuf\u00fchren sind (z.B. Verschlei\u00df, unsachgem\u00e4\u00dfe Behandlung nach der Reparatur oder h\u00f6here Gewalt). Eine Haftung f\u00fcr mittelbare Sch\u00e4den (z.B. entgangener Gewinn) ist ausgeschlossen, es sei denn, wir haben sie vors\u00e4tzlich oder grob fahrl\u00e4ssig verursacht. Die Haftung f\u00fcr leichte Fahrl\u00e4ssigkeit beschr\u00e4nkt sich \u2013 soweit rechtlich zul\u00e4ssig \u2013 auf den Ersatz des typischerweise vorhersehbaren Schadens. Dies gilt nicht bei Verletzung vertragswesentlicher Pflichten.<\/p><p data-start=\"1300\" data-end=\"1352\"><strong data-start=\"1304\" data-end=\"1352\">11. Sonderanfertigungen \/ Entwicklungsarbeiten<\/strong><\/p><p>11.1 F\u00fcr Sonderanfertigungen, Custom- oder Entwicklungsauftr\u00e4ge gelten besondere Vertragsbedingungen, die individuell zwischen der Hifi Werkstatt Berlin und dem Kunden vereinbart werden.<\/p><p>11.2 Der Vertrag \u00fcber Sonderanfertigungen kommt erst durch schriftliche Zustimmung beider Parteien zustande.<\/p><p>11.3 Die \u00fcblichen AGB gelten nur erg\u00e4nzend, soweit in den individuellen Vertragsbedingungen nichts Abweichendes geregelt ist.<\/p><p>11.4 Besondere Vereinbarungen k\u00f6nnen insbesondere Preise, Lieferzeiten, Rechte an Designs oder Prototypen, Zahlungsmodalit\u00e4ten sowie Pr\u00fcf- und Abnahmebedingungen enthalten.<\/p><p data-start=\"6041\" data-end=\"6356\"><strong data-start=\"6041\" data-end=\"6069\">12. Schlussbestimmungen:<\/strong> Es gilt deutsches Recht. Gerichtsstand ist Berlin, sofern der Kunde Kaufmann, juristische Person des \u00f6ffentlichen Rechts oder \u00f6ffentlich-rechtliches Sonderverm\u00f6gen ist. Sollten einzelne Bestimmungen dieser AGB unwirksam sein, bleibt die Wirksamkeit der \u00fcbrigen Bestimmungen unber\u00fchrt. Weitere Angaben zu unserem Unternehmen finden Sie in unserem <a href=\"https:\/\/hifi-werkstatt-berlin.de\/en\/impressum\/\">Legal Notice<\/a>. F\u00fcr die Verarbeitung personenbezogener Daten gilt unsere <a href=\"https:\/\/hifi-werkstatt-berlin.de\/en\/datenschutz\/\">Datenschutzerkl\u00e4rung<\/a>, die Bestandteil dieser AGB ist.<\/p>\t\t\t\t\t\t\t\t<\/div>\n\t\t\t\t\t<\/div>\n\t\t\t\t<\/div>\n\t\t\t\t<\/div>","protected":false},"excerpt":{"rendered":"<p>Allgemeine Gesch\u00e4ftsbedingungen der Hifi Werkstatt Berlin (Inh. Jasper Lauter) 1. Geltungsbereich: Diese AGB gelten f\u00fcr alle Vertr\u00e4ge zwischen der Hifi Werkstatt Berlin (Inhaber: Jasper Lauter, Taborstra\u00dfe 16, 10997 Berlin) und ihren Kunden. Abweichende Bedingungen werden nur wirksam, wenn sie ausdr\u00fccklich vereinbart sind. 2. Vertragsschluss: 2.1 Der Vertrag kommt zustande, wenn der Kunde die Durchf\u00fchrung einer [&hellip;]<\/p>\n","protected":false},"author":1,"featured_media":0,"parent":0,"menu_order":0,"comment_status":"closed","ping_status":"closed","template":"","meta":{"footnotes":""},"class_list":["post-171","page","type-page","status-publish","hentry"],"yoast_head":"<!-- This site is optimized with the Yoast SEO plugin v27.2 - https:\/\/yoast.com\/product\/yoast-seo-wordpress\/ -->\n<title>AGB - HiFi Werkstatt Berlin<\/title>\n<meta name=\"robots\" content=\"noindex, nofollow\" \/>\n<meta property=\"og:locale\" content=\"en_GB\" \/>\n<meta property=\"og:type\" content=\"article\" \/>\n<meta property=\"og:title\" content=\"AGB - HiFi Werkstatt Berlin\" \/>\n<meta property=\"og:description\" content=\"Allgemeine Gesch\u00e4ftsbedingungen der Hifi Werkstatt Berlin (Inh. Jasper Lauter) 1. Geltungsbereich: Diese AGB gelten f\u00fcr alle Vertr\u00e4ge zwischen der Hifi Werkstatt Berlin (Inhaber: Jasper Lauter, Taborstra\u00dfe 16, 10997 Berlin) und ihren Kunden. Abweichende Bedingungen werden nur wirksam, wenn sie ausdr\u00fccklich vereinbart sind. 2. Vertragsschluss: 2.1 Der Vertrag kommt zustande, wenn der Kunde die Durchf\u00fchrung einer [&hellip;]\" \/>\n<meta property=\"og:url\" content=\"https:\/\/hifi-werkstatt-berlin.de\/en\/agb\/\" \/>\n<meta property=\"og:site_name\" content=\"HiFi Werkstatt Berlin\" \/>\n<meta property=\"article:modified_time\" content=\"2026-01-06T19:51:03+00:00\" \/>\n<meta name=\"twitter:card\" content=\"summary_large_image\" \/>\n<meta name=\"twitter:label1\" content=\"Estimated reading time\" \/>\n\t<meta name=\"twitter:data1\" content=\"6 minutes\" \/>\n<script type=\"application\/ld+json\" class=\"yoast-schema-graph\">{\"@context\":\"https:\/\/schema.org\",\"@graph\":[{\"@type\":\"WebPage\",\"@id\":\"https:\/\/hifi-werkstatt-berlin.de\/agb\/\",\"url\":\"https:\/\/hifi-werkstatt-berlin.de\/agb\/\",\"name\":\"AGB - HiFi Werkstatt Berlin\",\"isPartOf\":{\"@id\":\"https:\/\/hifi-werkstatt-berlin.de\/#website\"},\"datePublished\":\"2025-12-01T18:57:40+00:00\",\"dateModified\":\"2026-01-06T19:51:03+00:00\",\"breadcrumb\":{\"@id\":\"https:\/\/hifi-werkstatt-berlin.de\/agb\/#breadcrumb\"},\"inLanguage\":\"en-GB\",\"potentialAction\":[{\"@type\":\"ReadAction\",\"target\":[\"https:\/\/hifi-werkstatt-berlin.de\/agb\/\"]}]},{\"@type\":\"BreadcrumbList\",\"@id\":\"https:\/\/hifi-werkstatt-berlin.de\/agb\/#breadcrumb\",\"itemListElement\":[{\"@type\":\"ListItem\",\"position\":1,\"name\":\"Startseite\",\"item\":\"https:\/\/hifi-werkstatt-berlin.de\/\"},{\"@type\":\"ListItem\",\"position\":2,\"name\":\"AGB\"}]},{\"@type\":\"WebSite\",\"@id\":\"https:\/\/hifi-werkstatt-berlin.de\/#website\",\"url\":\"https:\/\/hifi-werkstatt-berlin.de\/\",\"name\":\"HiFi Werkstatt Berlin\",\"description\":\"Reparatur, Service und Sonderanfertigungen im HiFi Bereich.\",\"publisher\":{\"@id\":\"https:\/\/hifi-werkstatt-berlin.de\/#organization\"},\"potentialAction\":[{\"@type\":\"SearchAction\",\"target\":{\"@type\":\"EntryPoint\",\"urlTemplate\":\"https:\/\/hifi-werkstatt-berlin.de\/?s={search_term_string}\"},\"query-input\":{\"@type\":\"PropertyValueSpecification\",\"valueRequired\":true,\"valueName\":\"search_term_string\"}}],\"inLanguage\":\"en-GB\"},{\"@type\":\"Organization\",\"@id\":\"https:\/\/hifi-werkstatt-berlin.de\/#organization\",\"name\":\"HiFi Werkstatt Berlin\",\"url\":\"https:\/\/hifi-werkstatt-berlin.de\/\",\"logo\":{\"@type\":\"ImageObject\",\"inLanguage\":\"en-GB\",\"@id\":\"https:\/\/hifi-werkstatt-berlin.de\/#\/schema\/logo\/image\/\",\"url\":\"https:\/\/hifi-werkstatt-berlin.de\/wp-content\/uploads\/2026\/01\/Logo-Hifi-Werkstatt-Berlin.svg\",\"contentUrl\":\"https:\/\/hifi-werkstatt-berlin.de\/wp-content\/uploads\/2026\/01\/Logo-Hifi-Werkstatt-Berlin.svg\",\"width\":54,\"height\":20,\"caption\":\"HiFi Werkstatt Berlin\"},\"image\":{\"@id\":\"https:\/\/hifi-werkstatt-berlin.de\/#\/schema\/logo\/image\/\"}}]}<\/script>\n<!-- \/ Yoast SEO plugin. -->","yoast_head_json":{"title":"AGB - HiFi Werkstatt Berlin","robots":{"index":"noindex","follow":"nofollow"},"og_locale":"en_GB","og_type":"article","og_title":"AGB - HiFi Werkstatt Berlin","og_description":"Allgemeine Gesch\u00e4ftsbedingungen der Hifi Werkstatt Berlin (Inh. Jasper Lauter) 1. Geltungsbereich: Diese AGB gelten f\u00fcr alle Vertr\u00e4ge zwischen der Hifi Werkstatt Berlin (Inhaber: Jasper Lauter, Taborstra\u00dfe 16, 10997 Berlin) und ihren Kunden. Abweichende Bedingungen werden nur wirksam, wenn sie ausdr\u00fccklich vereinbart sind. 2. Vertragsschluss: 2.1 Der Vertrag kommt zustande, wenn der Kunde die Durchf\u00fchrung einer [&hellip;]","og_url":"https:\/\/hifi-werkstatt-berlin.de\/en\/agb\/","og_site_name":"HiFi Werkstatt Berlin","article_modified_time":"2026-01-06T19:51:03+00:00","twitter_card":"summary_large_image","twitter_misc":{"Estimated reading time":"6 minutes"},"schema":{"@context":"https:\/\/schema.org","@graph":[{"@type":"WebPage","@id":"https:\/\/hifi-werkstatt-berlin.de\/agb\/","url":"https:\/\/hifi-werkstatt-berlin.de\/agb\/","name":"AGB - HiFi Werkstatt Berlin","isPartOf":{"@id":"https:\/\/hifi-werkstatt-berlin.de\/#website"},"datePublished":"2025-12-01T18:57:40+00:00","dateModified":"2026-01-06T19:51:03+00:00","breadcrumb":{"@id":"https:\/\/hifi-werkstatt-berlin.de\/agb\/#breadcrumb"},"inLanguage":"en-GB","potentialAction":[{"@type":"ReadAction","target":["https:\/\/hifi-werkstatt-berlin.de\/agb\/"]}]},{"@type":"BreadcrumbList","@id":"https:\/\/hifi-werkstatt-berlin.de\/agb\/#breadcrumb","itemListElement":[{"@type":"ListItem","position":1,"name":"Startseite","item":"https:\/\/hifi-werkstatt-berlin.de\/"},{"@type":"ListItem","position":2,"name":"AGB"}]},{"@type":"WebSite","@id":"https:\/\/hifi-werkstatt-berlin.de\/#website","url":"https:\/\/hifi-werkstatt-berlin.de\/","name":"HiFi Werkstatt Berlin","description":"Repairs, servicing and custom-made products in the hi-fi sector.","publisher":{"@id":"https:\/\/hifi-werkstatt-berlin.de\/#organization"},"potentialAction":[{"@type":"SearchAction","target":{"@type":"EntryPoint","urlTemplate":"https:\/\/hifi-werkstatt-berlin.de\/?s={search_term_string}"},"query-input":{"@type":"PropertyValueSpecification","valueRequired":true,"valueName":"search_term_string"}}],"inLanguage":"en-GB"},{"@type":"Organization","@id":"https:\/\/hifi-werkstatt-berlin.de\/#organization","name":"HiFi Werkstatt Berlin","url":"https:\/\/hifi-werkstatt-berlin.de\/","logo":{"@type":"ImageObject","inLanguage":"en-GB","@id":"https:\/\/hifi-werkstatt-berlin.de\/#\/schema\/logo\/image\/","url":"https:\/\/hifi-werkstatt-berlin.de\/wp-content\/uploads\/2026\/01\/Logo-Hifi-Werkstatt-Berlin.svg","contentUrl":"https:\/\/hifi-werkstatt-berlin.de\/wp-content\/uploads\/2026\/01\/Logo-Hifi-Werkstatt-Berlin.svg","width":54,"height":20,"caption":"HiFi Werkstatt Berlin"},"image":{"@id":"https:\/\/hifi-werkstatt-berlin.de\/#\/schema\/logo\/image\/"}}]}},"_links":{"self":[{"href":"https:\/\/hifi-werkstatt-berlin.de\/en\/wp-json\/wp\/v2\/pages\/171","targetHints":{"allow":["GET"]}}],"collection":[{"href":"https:\/\/hifi-werkstatt-berlin.de\/en\/wp-json\/wp\/v2\/pages"}],"about":[{"href":"https:\/\/hifi-werkstatt-berlin.de\/en\/wp-json\/wp\/v2\/types\/page"}],"author":[{"embeddable":true,"href":"https:\/\/hifi-werkstatt-berlin.de\/en\/wp-json\/wp\/v2\/users\/1"}],"replies":[{"embeddable":true,"href":"https:\/\/hifi-werkstatt-berlin.de\/en\/wp-json\/wp\/v2\/comments?post=171"}],"version-history":[{"count":0,"href":"https:\/\/hifi-werkstatt-berlin.de\/en\/wp-json\/wp\/v2\/pages\/171\/revisions"}],"wp:attachment":[{"href":"https:\/\/hifi-werkstatt-berlin.de\/en\/wp-json\/wp\/v2\/media?parent=171"}],"curies":[{"name":"wp","href":"https:\/\/api.w.org\/{rel}","templated":true}]}}