{"id":181,"date":"2025-12-01T19:59:34","date_gmt":"2025-12-01T18:59:34","guid":{"rendered":"http:\/\/hifi-werkstatt-berlin.de\/?page_id=181"},"modified":"2026-02-12T09:52:44","modified_gmt":"2026-02-12T08:52:44","slug":"impressum","status":"publish","type":"page","link":"https:\/\/hifi-werkstatt-berlin.de\/en\/impressum\/","title":{"rendered":"Legal Notice"},"content":{"rendered":"<div data-elementor-type=\"wp-page\" data-elementor-id=\"181\" class=\"elementor elementor-181\">\n\t\t\t\t<div class=\"elementor-element elementor-element-cb5509d e-flex e-con-boxed e-con e-parent\" data-id=\"cb5509d\" data-element_type=\"container\" data-e-type=\"container\">\n\t\t\t\t\t<div class=\"e-con-inner\">\n\t\t\t\t<div class=\"elementor-element elementor-element-c4e4596 elementor-widget__width-initial elementor-widget elementor-widget-text-editor\" data-id=\"c4e4596\" data-element_type=\"widget\" data-e-type=\"widget\" data-widget_type=\"text-editor.default\">\n\t\t\t\t\t\t\t\t\t<p>\u00a0<\/p><p><strong>Legal Notice<\/strong><\/p><p>Information pursuant to Section 5 of the German Telemedia Act (TMG)<\/p><p>Hifi Werkstatt Berlin<br \/>Owner: Jasper Lauter<br \/>Taborstra\u00dfe 16<br \/>10997 Berlin<br \/>Germany\u00a0<\/p><p>Telefon: <a href=\"tel:+493091514664\">030-91514664<\/a><\/p><p>E-Mail: <a href=\"mailto:info@hifi-werkstatt-berlin.de\">info@hifi-werkstatt-berlin.de<\/a><\/p><hr \/><h3>Company Activities<\/h3><p>Repair, maintenance and development of hi-fi and audio equipment.<\/p><hr \/><h3>Value Added Tax<\/h3><p>In accordance with Section 19 of the German Value Added Tax Act (UStG), no value added tax is charged (small business regulation).<\/p><hr \/><h3>Responsible for the content in accordance with Section 55 (2) of the German Interstate Broadcasting Treaty (RStV)<\/h3><p>Jasper Lauter<br \/>Taborstra\u00dfe 16<br \/>10997 Berlin<\/p><hr \/><h3>Liability for content<\/h3><p>As a service provider, we are responsible for our own content on these pages in accordance with \u00a7 7 para. 1 TMG (German Telemedia Act) and general laws. However, according to \u00a7\u00a7 8 to 10 TMG, we are not obliged as a service provider to monitor transmitted or stored third-party information or to investigate circumstances that indicate illegal activity.<\/p><hr \/><h3>Liability for links<\/h3><p>This website may contain links to external third-party websites over whose content we have no influence. Therefore, we cannot accept any liability for this external content.<\/p><hr \/><h3>Copyright<\/h3><p>The content and works on these pages created by the site operator are subject to German copyright law.<\/p><hr \/><h3>Note on warnings<\/h3><p>Should the content or design of this website infringe the rights of third parties or statutory provisions, please notify us accordingly without incurring any costs. Justified complaints regarding errors or infringements will be rectified immediately, so that it will not be necessary to engage a solicitor.<\/p>\t\t\t\t\t\t\t\t<\/div>\n\t\t\t\t\t<\/div>\n\t\t\t\t<\/div>\n\t\t\t\t<\/div>","protected":false},"excerpt":{"rendered":"<p>\u00a0 Impressum Angaben gem\u00e4\u00df \u00a7 5 TMG Hifi Werkstatt BerlinInhaber: Jasper LauterTaborstra\u00dfe 1610997 BerlinDeutschland\u00a0 Telefon: 030-91514664 E-Mail: info@hifi-werkstatt-berlin.de T\u00e4tigkeit Reparatur, Wartung und Entwicklung von Hi-Fi- und Audioger\u00e4ten. Umsatzsteuer Gem\u00e4\u00df \u00a7 19 UStG wird keine Umsatzsteuer berechnet (Kleinunternehmerregelung). Verantwortlich f\u00fcr den Inhalt nach \u00a7 55 Abs. 2 RStV Jasper LauterTaborstra\u00dfe 1610997 Berlin Haftung f\u00fcr Inhalte Als [&hellip;]<\/p>\n","protected":false},"author":1,"featured_media":0,"parent":0,"menu_order":0,"comment_status":"closed","ping_status":"closed","template":"","meta":{"footnotes":""},"class_list":["post-181","page","type-page","status-publish","hentry"],"yoast_head":"<!-- This site is optimized with the Yoast SEO plugin v27.2 - https:\/\/yoast.com\/product\/yoast-seo-wordpress\/ -->\n<title>Impressum - HiFi Werkstatt Berlin<\/title>\n<meta name=\"robots\" content=\"noindex, nofollow\" \/>\n<meta property=\"og:locale\" content=\"en_GB\" \/>\n<meta property=\"og:type\" content=\"article\" \/>\n<meta property=\"og:title\" content=\"Impressum - HiFi Werkstatt Berlin\" \/>\n<meta property=\"og:description\" content=\"\u00a0 Impressum Angaben gem\u00e4\u00df \u00a7 5 TMG Hifi Werkstatt BerlinInhaber: Jasper LauterTaborstra\u00dfe 1610997 BerlinDeutschland\u00a0 Telefon: 030-91514664 E-Mail: info@hifi-werkstatt-berlin.de T\u00e4tigkeit Reparatur, Wartung und Entwicklung von Hi-Fi- und Audioger\u00e4ten. Umsatzsteuer Gem\u00e4\u00df \u00a7 19 UStG wird keine Umsatzsteuer berechnet (Kleinunternehmerregelung). Verantwortlich f\u00fcr den Inhalt nach \u00a7 55 Abs. 2 RStV Jasper LauterTaborstra\u00dfe 1610997 Berlin Haftung f\u00fcr Inhalte Als [&hellip;]\" \/>\n<meta property=\"og:url\" content=\"https:\/\/hifi-werkstatt-berlin.de\/en\/impressum\/\" \/>\n<meta property=\"og:site_name\" content=\"HiFi Werkstatt Berlin\" \/>\n<meta property=\"article:modified_time\" content=\"2026-02-12T08:52:44+00:00\" \/>\n<meta name=\"twitter:card\" content=\"summary_large_image\" \/>\n<meta name=\"twitter:label1\" content=\"Estimated reading time\" \/>\n\t<meta name=\"twitter:data1\" content=\"2 minutes\" \/>\n<script type=\"application\/ld+json\" class=\"yoast-schema-graph\">{\"@context\":\"https:\/\/schema.org\",\"@graph\":[{\"@type\":\"WebPage\",\"@id\":\"https:\/\/hifi-werkstatt-berlin.de\/impressum\/\",\"url\":\"https:\/\/hifi-werkstatt-berlin.de\/impressum\/\",\"name\":\"Impressum - HiFi Werkstatt Berlin\",\"isPartOf\":{\"@id\":\"https:\/\/hifi-werkstatt-berlin.de\/#website\"},\"datePublished\":\"2025-12-01T18:59:34+00:00\",\"dateModified\":\"2026-02-12T08:52:44+00:00\",\"breadcrumb\":{\"@id\":\"https:\/\/hifi-werkstatt-berlin.de\/impressum\/#breadcrumb\"},\"inLanguage\":\"en-GB\",\"potentialAction\":[{\"@type\":\"ReadAction\",\"target\":[\"https:\/\/hifi-werkstatt-berlin.de\/impressum\/\"]}]},{\"@type\":\"BreadcrumbList\",\"@id\":\"https:\/\/hifi-werkstatt-berlin.de\/impressum\/#breadcrumb\",\"itemListElement\":[{\"@type\":\"ListItem\",\"position\":1,\"name\":\"Startseite\",\"item\":\"https:\/\/hifi-werkstatt-berlin.de\/\"},{\"@type\":\"ListItem\",\"position\":2,\"name\":\"Impressum\"}]},{\"@type\":\"WebSite\",\"@id\":\"https:\/\/hifi-werkstatt-berlin.de\/#website\",\"url\":\"https:\/\/hifi-werkstatt-berlin.de\/\",\"name\":\"HiFi Werkstatt Berlin\",\"description\":\"Reparatur, Service und Sonderanfertigungen im HiFi Bereich.\",\"publisher\":{\"@id\":\"https:\/\/hifi-werkstatt-berlin.de\/#organization\"},\"potentialAction\":[{\"@type\":\"SearchAction\",\"target\":{\"@type\":\"EntryPoint\",\"urlTemplate\":\"https:\/\/hifi-werkstatt-berlin.de\/?s={search_term_string}\"},\"query-input\":{\"@type\":\"PropertyValueSpecification\",\"valueRequired\":true,\"valueName\":\"search_term_string\"}}],\"inLanguage\":\"en-GB\"},{\"@type\":\"Organization\",\"@id\":\"https:\/\/hifi-werkstatt-berlin.de\/#organization\",\"name\":\"HiFi Werkstatt Berlin\",\"url\":\"https:\/\/hifi-werkstatt-berlin.de\/\",\"logo\":{\"@type\":\"ImageObject\",\"inLanguage\":\"en-GB\",\"@id\":\"https:\/\/hifi-werkstatt-berlin.de\/#\/schema\/logo\/image\/\",\"url\":\"https:\/\/hifi-werkstatt-berlin.de\/wp-content\/uploads\/2026\/01\/Logo-Hifi-Werkstatt-Berlin.svg\",\"contentUrl\":\"https:\/\/hifi-werkstatt-berlin.de\/wp-content\/uploads\/2026\/01\/Logo-Hifi-Werkstatt-Berlin.svg\",\"width\":54,\"height\":20,\"caption\":\"HiFi Werkstatt Berlin\"},\"image\":{\"@id\":\"https:\/\/hifi-werkstatt-berlin.de\/#\/schema\/logo\/image\/\"}}]}<\/script>\n<!-- \/ Yoast SEO plugin. -->","yoast_head_json":{"title":"Impressum - HiFi Werkstatt Berlin","robots":{"index":"noindex","follow":"nofollow"},"og_locale":"en_GB","og_type":"article","og_title":"Impressum - HiFi Werkstatt Berlin","og_description":"\u00a0 Impressum Angaben gem\u00e4\u00df \u00a7 5 TMG Hifi Werkstatt BerlinInhaber: Jasper LauterTaborstra\u00dfe 1610997 BerlinDeutschland\u00a0 Telefon: 030-91514664 E-Mail: info@hifi-werkstatt-berlin.de T\u00e4tigkeit Reparatur, Wartung und Entwicklung von Hi-Fi- und Audioger\u00e4ten. Umsatzsteuer Gem\u00e4\u00df \u00a7 19 UStG wird keine Umsatzsteuer berechnet (Kleinunternehmerregelung). Verantwortlich f\u00fcr den Inhalt nach \u00a7 55 Abs. 2 RStV Jasper LauterTaborstra\u00dfe 1610997 Berlin Haftung f\u00fcr Inhalte Als [&hellip;]","og_url":"https:\/\/hifi-werkstatt-berlin.de\/en\/impressum\/","og_site_name":"HiFi Werkstatt Berlin","article_modified_time":"2026-02-12T08:52:44+00:00","twitter_card":"summary_large_image","twitter_misc":{"Estimated reading time":"2 minutes"},"schema":{"@context":"https:\/\/schema.org","@graph":[{"@type":"WebPage","@id":"https:\/\/hifi-werkstatt-berlin.de\/impressum\/","url":"https:\/\/hifi-werkstatt-berlin.de\/impressum\/","name":"Impressum - HiFi Werkstatt Berlin","isPartOf":{"@id":"https:\/\/hifi-werkstatt-berlin.de\/#website"},"datePublished":"2025-12-01T18:59:34+00:00","dateModified":"2026-02-12T08:52:44+00:00","breadcrumb":{"@id":"https:\/\/hifi-werkstatt-berlin.de\/impressum\/#breadcrumb"},"inLanguage":"en-GB","potentialAction":[{"@type":"ReadAction","target":["https:\/\/hifi-werkstatt-berlin.de\/impressum\/"]}]},{"@type":"BreadcrumbList","@id":"https:\/\/hifi-werkstatt-berlin.de\/impressum\/#breadcrumb","itemListElement":[{"@type":"ListItem","position":1,"name":"Startseite","item":"https:\/\/hifi-werkstatt-berlin.de\/"},{"@type":"ListItem","position":2,"name":"Impressum"}]},{"@type":"WebSite","@id":"https:\/\/hifi-werkstatt-berlin.de\/#website","url":"https:\/\/hifi-werkstatt-berlin.de\/","name":"HiFi Werkstatt Berlin","description":"Repairs, servicing and custom-made products in the hi-fi sector.","publisher":{"@id":"https:\/\/hifi-werkstatt-berlin.de\/#organization"},"potentialAction":[{"@type":"SearchAction","target":{"@type":"EntryPoint","urlTemplate":"https:\/\/hifi-werkstatt-berlin.de\/?s={search_term_string}"},"query-input":{"@type":"PropertyValueSpecification","valueRequired":true,"valueName":"search_term_string"}}],"inLanguage":"en-GB"},{"@type":"Organization","@id":"https:\/\/hifi-werkstatt-berlin.de\/#organization","name":"HiFi Werkstatt Berlin","url":"https:\/\/hifi-werkstatt-berlin.de\/","logo":{"@type":"ImageObject","inLanguage":"en-GB","@id":"https:\/\/hifi-werkstatt-berlin.de\/#\/schema\/logo\/image\/","url":"https:\/\/hifi-werkstatt-berlin.de\/wp-content\/uploads\/2026\/01\/Logo-Hifi-Werkstatt-Berlin.svg","contentUrl":"https:\/\/hifi-werkstatt-berlin.de\/wp-content\/uploads\/2026\/01\/Logo-Hifi-Werkstatt-Berlin.svg","width":54,"height":20,"caption":"HiFi Werkstatt Berlin"},"image":{"@id":"https:\/\/hifi-werkstatt-berlin.de\/#\/schema\/logo\/image\/"}}]}},"_links":{"self":[{"href":"https:\/\/hifi-werkstatt-berlin.de\/en\/wp-json\/wp\/v2\/pages\/181","targetHints":{"allow":["GET"]}}],"collection":[{"href":"https:\/\/hifi-werkstatt-berlin.de\/en\/wp-json\/wp\/v2\/pages"}],"about":[{"href":"https:\/\/hifi-werkstatt-berlin.de\/en\/wp-json\/wp\/v2\/types\/page"}],"author":[{"embeddable":true,"href":"https:\/\/hifi-werkstatt-berlin.de\/en\/wp-json\/wp\/v2\/users\/1"}],"replies":[{"embeddable":true,"href":"https:\/\/hifi-werkstatt-berlin.de\/en\/wp-json\/wp\/v2\/comments?post=181"}],"version-history":[{"count":10,"href":"https:\/\/hifi-werkstatt-berlin.de\/en\/wp-json\/wp\/v2\/pages\/181\/revisions"}],"predecessor-version":[{"id":1302,"href":"https:\/\/hifi-werkstatt-berlin.de\/en\/wp-json\/wp\/v2\/pages\/181\/revisions\/1302"}],"wp:attachment":[{"href":"https:\/\/hifi-werkstatt-berlin.de\/en\/wp-json\/wp\/v2\/media?parent=181"}],"curies":[{"name":"wp","href":"https:\/\/api.w.org\/{rel}","templated":true}]}}